{"id":17653,"date":"2022-06-06T09:42:28","date_gmt":"2022-06-06T09:42:28","guid":{"rendered":"https:\/\/www.ponttibetacanillo.com\/condicions-generals\/"},"modified":"2026-03-17T10:17:48","modified_gmt":"2026-03-17T10:17:48","slug":"fr-termes-et-conditions","status":"publish","type":"page","link":"https:\/\/www.ponttibetacanillo.com\/fr\/fr-termes-et-conditions\/","title":{"rendered":"Termes et conditions"},"content":{"rendered":"\t\t<div data-elementor-type=\"wp-page\" data-elementor-id=\"17653\" class=\"elementor elementor-17653 elementor-16600\">\n\t\t\t\t\t\t<div class=\"elementor-inner\">\n\t\t\t\t<div class=\"elementor-section-wrap\">\n\t\t\t\t\t\t\t\t\t<section class=\"elementor-section elementor-top-section elementor-element elementor-element-2cfc5d5d elementor-section-boxed elementor-section-height-default elementor-section-height-default\" data-id=\"2cfc5d5d\" data-element_type=\"section\">\n\t\t\t\t\t\t<div class=\"elementor-container elementor-column-gap-default\">\n\t\t\t\t\t\t\t<div class=\"elementor-row\">\n\t\t\t\t\t<div class=\"elementor-column elementor-col-100 elementor-top-column elementor-element elementor-element-4aa5b4bc\" data-id=\"4aa5b4bc\" data-element_type=\"column\">\n\t\t\t<div class=\"elementor-column-wrap elementor-element-populated\">\n\t\t\t\t\t\t\t<div class=\"elementor-widget-wrap\">\n\t\t\t\t\t\t<div class=\"elementor-element elementor-element-259193d7 elementor-widget elementor-widget-text-editor\" data-id=\"259193d7\" data-element_type=\"widget\" data-widget_type=\"text-editor.default\">\n\t\t\t\t<div class=\"elementor-widget-container\">\n\t\t\t<style>\/*! elementor - v3.12.1 - 02-04-2023 *\/\n.elementor-widget-text-editor.elementor-drop-cap-view-stacked .elementor-drop-cap{background-color:#69727d;color:#fff}.elementor-widget-text-editor.elementor-drop-cap-view-framed .elementor-drop-cap{color:#69727d;border:3px solid;background-color:transparent}.elementor-widget-text-editor:not(.elementor-drop-cap-view-default) .elementor-drop-cap{margin-top:8px}.elementor-widget-text-editor:not(.elementor-drop-cap-view-default) .elementor-drop-cap-letter{width:1em;height:1em}.elementor-widget-text-editor .elementor-drop-cap{float:left;text-align:center;line-height:1;font-size:50px}.elementor-widget-text-editor .elementor-drop-cap-letter{display:inline-block}<\/style>\t\t\t\t\t<div class=\"elementor-text-editor elementor-clearfix\">\n\t\t\t\t<div class=\"page\" title=\"Page 1\"><div class=\"layoutArea\"><div class=\"column\"><p><strong>CONDITIONS G\u00c9N\u00c9RALES D&rsquo;ADMISSION ET D&rsquo;UTILISATION DES BILLETS<\/strong><\/p><p><strong>1.Champ d&rsquo;application :<\/strong><\/p><p>L&rsquo;utilisation d&rsquo;un billet (le \u00ab Billet \u00bb) pour acc\u00e9der au PONT TIB\u00c9TAIN CANILLO (PT) et \/ ou au BELV\u00c9D\u00c8RE DU ROC DEL QUER (BRQ), propri\u00e9t\u00e9s de la Palau de Gel d&rsquo;Andorra , et les conditions d&rsquo;admission aux Activit\u00e9s PT et BRQ (les \u00ab Activit\u00e9s \u00bb), seront soumises aux conditions g\u00e9n\u00e9rales suivantes (les \u00ab Conditions g\u00e9n\u00e9rales \u00bb) \u00e9tablies par le Propri\u00e9taire.<\/p><p><strong>2.Acceptation des Conditions G\u00e9n\u00e9rales :<\/strong><\/p><p>Toute personne qui ach\u00e8te, poss\u00e8de et\/ou utilise un Billet (le \u00ab Titulaire du<strong>Billet<\/strong>\u00bb) :<\/p><\/div><div class=\"column\"><p>1.Est tenu d&rsquo;avoir lu, compris et accept\u00e9 les pr\u00e9sentes Conditions G\u00e9n\u00e9rales, et de les accepter int\u00e9gralement et irr\u00e9vocablement.<\/p><p>2.D\u00e9clare avoir la capacit\u00e9 suffisante pour assumer le point pr\u00e9c\u00e9dent ; s&rsquo;il s&rsquo;agit d&rsquo;un mineur, il d\u00e9clare que son repr\u00e9sentant l\u00e9gal ou l&rsquo;adulte qui l&rsquo;accompagne la poss\u00e8de.<\/p><p>3.Assume toutes les obligations \u00e9nonc\u00e9es ici et s&rsquo;engage \u00e0 respecter, \u00e0 tout moment, les instructions fournies sur les sites Web, les affiches d&rsquo;information et le manuel d&rsquo;utilisation ainsi que celles fournies par le personnel affect\u00e9 par la Palau de Gel d&rsquo;Andorra \u00e0 la gestion du PT et du BRQ.<\/p><p>4.Pr\u00e9sume que le non-respect de l&rsquo;une quelconque des dispositions des pr\u00e9sentes Conditions G\u00e9n\u00e9rales donnera le droit au Propri\u00e9taire d&rsquo;annuler automatiquement le Billet, et par cons\u00e9quent de refuser au porteur l&rsquo;acc\u00e8s au TP et au BRQ.<\/p><p>Certains paragraphes des pr\u00e9sentes conditions g\u00e9n\u00e9rales seront bri\u00e8vement reproduits sur les billets.<\/p><p><strong>3.Sp\u00e9cificit\u00e9s du Billet :<\/strong><\/p><p>Le Propri\u00e9taire \u00e9mettra trois cat\u00e9gories de Billets\u00a0:\u00a0<\/p><p><strong>PONT TIB\u00c9TAIN CANILLO\u00a0; BELV\u00c9D\u00c8RE DU ROC DEL QUER\u00a0; PACK PONT TIB\u00c9TAIN CANILLO + BELV\u00c9D\u00c8RE DU ROC DEL QUER <\/strong>.<\/p><p>Dans les pr\u00e9sentes Conditions G\u00e9n\u00e9rales, si aucune pr\u00e9cision n\u2019est apport\u00e9e, le terme \u00ab\u00a0Billet\u00a0\u00bb d\u00e9signe l&rsquo;une des trois cat\u00e9gories de billets (billet conjoint ou individuel).<\/p><p>Tous les Billets sont personnels et incessibles et donnent acc\u00e8s uniquement aux activit\u00e9s indiqu\u00e9es sur les Billets.<\/p><p>Tous les mineurs doivent \u00eatre munis d&rsquo;un Billet pour acc\u00e9der aux diff\u00e9rents sites et \u00eatre accompagn\u00e9s d&rsquo;un adulte \u00e9galement muni d&rsquo;un Billet.<\/p><p>Pour des raisons de s\u00e9curit\u00e9, les enfants de moins de 12 ans doivent \u00eatre accompagn\u00e9s d&rsquo;au moins un adulte.<\/p><p>Il est strictement interdit de vendre, mettre aux ench\u00e8res, revendre, c\u00e9der ou donner, \u00e0 quelques titres ou circonstance que ce soit, un Billet sans l&rsquo;accord formel du Propri\u00e9taire.<\/p><p>Le Propri\u00e9taire ne garantit pas l&rsquo;authenticit\u00e9 du Billet s&rsquo;il n&rsquo;a pas \u00e9t\u00e9 achet\u00e9 ou obtenu par l&rsquo;interm\u00e9diaire des points de vente ou de distribution officiels.<\/p><p>Une fois le Billet \u00e9mis, aucune modification ou retour ne sera accept\u00e9.<\/p><p>Le D\u00e9tenteur du Billet doit le conserver pendant toute la dur\u00e9e de la visite des activit\u00e9s \u00e0 des fins de v\u00e9rification.<\/p><p>Le Propri\u00e9taire se r\u00e9serve le droit d&rsquo;alt\u00e9rer ou de modifier les heures d&rsquo;ouverture et de fermeture du TP et du BRQ ou de la ligne de bus pour s&rsquo;y rendre ; toute r\u00e9clamation \u00e0 ce sujet doit \u00eatre formalis\u00e9e devant le Propri\u00e9taire, avec la pr\u00e9sentation du Billet.<\/p><p><strong>4.Acc\u00e8s aux Activit\u00e9s et s\u00e9curit\u00e9 :<\/strong><\/p><p>Lors de l&rsquo;acc\u00e8s aux Activit\u00e9s, le Titulaire du Billet peut \u00eatre tenu de montrer sa pi\u00e8ce d&rsquo;identit\u00e9 et d&rsquo;exiger les mesures de toute nature (sant\u00e9, s\u00e9curit\u00e9, etc.) que d\u00e9termine la l\u00e9galit\u00e9 en vigueur \u00e0 tout moment et celles consid\u00e9r\u00e9es comme appropri\u00e9es. Dans tous les cas, le Propri\u00e9taire se r\u00e9serve le droit d&rsquo;admission.<\/p><p>Il est strictement interdit d&rsquo;entrer sur le site du PT et du BRQ avec des v\u00e9hicules motoris\u00e9s, des bicyclettes ou d&rsquo;autres v\u00e9hicules de mobilit\u00e9 personnelle.<\/p><p>Il est interdit de jeter des objets dans les aires PT et BRQ. Plus pr\u00e9cis\u00e9ment, il est strictement interdit de lancer des objets depuis le PT et le BRQ.<\/p><p>Il est interdit de fumer ou d&rsquo;allumer un feu pendant toute la dur\u00e9e de la visite du PT et du BRQ.<\/p><p>L&rsquo;acc\u00e8s au PT tout comme l&rsquo;acc\u00e8s au BRQ avec des animaux est interdit, except\u00e9 avec des chiens guides.<\/p><p>Pour des raisons de s\u00e9curit\u00e9, les poussettes pour b\u00e9b\u00e9s et enfants et les fauteuils roulants ne pourront pas acc\u00e9der au PT qui n\u2019est pas adapt\u00e9 \u00e0 cet effet, car ils pourraient obstruer le passage en cas d&rsquo;\u00e9vacuation.<\/p><p>L&rsquo;acc\u00e8s aux activit\u00e9s avec tout objet consid\u00e9r\u00e9 comme inappropri\u00e9 et\/ou dangereux par la Propri\u00e9t\u00e9 ne sera pas autoris\u00e9.<\/p><p>Il est strictement interdit de grimper sur les garde-corps, les c\u00e2bles et de s&rsquo;accrocher aux grilles du PT ou \u00e0 tout autre \u00e9l\u00e9ment de l&rsquo;installation.<\/p><p>Il est interdit d\u2019attacher des \u00e9l\u00e9ments ext\u00e9rieurs \u00e0 la structure du PT. Si c\u2019est le cas, le Propri\u00e9taire proc\u00e9dera \u00e0 leur enl\u00e8vement et une p\u00e9nalit\u00e9 pourrait en r\u00e9sulter.<\/p><p>Les personnes qui ont peur des hauteurs, ont le vertige ou une sensation d\u2019\u00e9tourdissement ou d\u2019\u00e9vanouissement ou souffrent de toute autre pathologie incompatible avec l\u2019activit\u00e9 doivent \u00e9viter de traverser le Pont Tib\u00e9tain et d\u2019acc\u00e9der au BRQ.<\/p><p>Le Titulaire du Billet est responsable de veiller, lors des activit\u00e9s, \u00e0 sa s\u00e9curit\u00e9 personnelle et \u00e0 celle des mineurs ou d\u2019autres personnes d\u00e9pourvues de capacit\u00e9 juridique ou ayant une capacit\u00e9 limit\u00e9e, qui utilisent des Billets dont le Titulaire du Billet est responsable ; il accepte \u00e9galement tous les risques ou dangers que ces personnes ou lui-m\u00eame pourraient courir ou exp\u00e9rimenter pour assister aux activit\u00e9s du PT et du BRQ, et renonce \u00e0 toute r\u00e9clamation contre la Propri\u00e9t\u00e9 li\u00e9e \u00e0 ces risques et dangers.<\/p><p><strong>5.Billets perdus, vol\u00e9s ou endommag\u00e9s :<\/strong><\/p><p>La Propri\u00e9t\u00e9 ne remboursera aucun Billet, quel que soit le motif de la demande de remboursement, qu&rsquo;il s&rsquo;agisse de la perte ou du vol du Billet et sauf dans les cas pr\u00e9vus au point 6 ci-dessous.<\/p><p>Le Billet ne sera valable que s\u2019il est complet et en bon \u00e9tat, sans indication qu&rsquo;il a \u00e9t\u00e9 modifi\u00e9 ou falsifi\u00e9. La modification ou l&rsquo;endommagement du Billet peut entra\u00eener le refus d&rsquo;acc\u00e8s aux Activit\u00e9s.<\/p><p>Pour des raisons de s\u00e9curit\u00e9, la Propri\u00e9t\u00e9 n&rsquo;est pas tenue de d\u00e9livrer des duplicata du Billet, car les duplicata pourraient donner acc\u00e8s aux activit\u00e9s \u00e0 plus d&rsquo;utilisateurs que les activit\u00e9s ne peuvent en accueillir dans des conditions de s\u00e9curit\u00e9 optimales.<\/p><p><strong>6.Annulation des activit\u00e9s :<\/strong><\/p><p>En cas d&rsquo;annulation des Activit\u00e9s pour quelques raisons que ce soit, seuls les titulaires d&rsquo;un Billet payant ont droit au remboursement du montant. La r\u00e9clamation doit \u00eatre envoy\u00e9e \u00e0 l&rsquo;\u00e9tablissement o\u00f9 le Billet a \u00e9t\u00e9 achet\u00e9, selon les conditions \u00e9tablies au moment de la vente; le billet devant \u00eatre pr\u00e9sent\u00e9. Les billets pour les activit\u00e9s annul\u00e9es ne peuvent \u00eatre \u00e9chang\u00e9s pour un autre jour.<\/p><p>Les conditions m\u00e9t\u00e9orologiques d\u00e9favorables ne donnent pas droit au remboursement du montant du Billet sauf si l&rsquo;activit\u00e9 a \u00e9t\u00e9 officiellement suspendue pour des raisons de s\u00e9curit\u00e9.<\/p><p><strong>7.Droits \u00e0 l&rsquo;image, propri\u00e9t\u00e9 intellectuelle et interdictions relatives \u00e0 la publicit\u00e9 non autoris\u00e9e et autres activit\u00e9s de marketing :<\/strong><\/p><p>Le Titulaire du Billet ne peut utiliser les billets \u00e0 des fins commerciales, telles que des promotions ou des activit\u00e9s publicitaires, ou les utiliser comme prix ou r\u00e9compense dans des concours, des loteries ou des programmes incitatifs, \u00e0 moins que la Propri\u00e9t\u00e9 l&rsquo;autorise express\u00e9ment. Le non-respect de cette interdiction donnera le droit \u00e0 la Propri\u00e9t\u00e9 de r\u00e9clamer des dommages et int\u00e9r\u00eats.<\/p><p>Conform\u00e9ment \u00e0 la l\u00e9gislation en vigueur, la Propri\u00e9t\u00e9 peut capter et publier des images des activit\u00e9s et des personnes qui y assistent \u00e0 des fins d\u2019information sur les activit\u00e9s dans les moyens de communication qu&rsquo;elle utilise normalement.<\/p><p><strong>8.Service de consigne et objets trouv\u00e9s :<\/strong><\/p><p>Les activit\u00e9s ne disposent pas de consigne. <br \/>La Propri\u00e9t\u00e9 n&rsquo;est pas responsable des objets laiss\u00e9s \u00e0 n&rsquo;importe quel endroit o\u00f9 les Activit\u00e9s sont r\u00e9alis\u00e9es.<\/p><p>Tout objet trouv\u00e9 sur les Activit\u00e9s qui n&rsquo;aura pas \u00e9t\u00e9 r\u00e9clam\u00e9 dans les 48 heures sera consid\u00e9r\u00e9 comme abandonn\u00e9 et pourra \u00eatre d\u00e9truit par la Propri\u00e9t\u00e9.<\/p><p><strong>9.Acc\u00e8s aux Activit\u00e9s des personnes \u00e0 mobilit\u00e9 r\u00e9duite :<\/strong><\/p><p>L&rsquo;acc\u00e8s aux Activit\u00e9s n&rsquo;est pas adapt\u00e9 aux personnes \u00e0 mobilit\u00e9 r\u00e9duite. Celles-ci se trouvent dans des zones montagneuses o\u00f9 il existe des obstacles infranchissables pour les personnes \u00e0 mobilit\u00e9 r\u00e9duite.<\/p><p><strong>10.Politique de confidentialit\u00e9. Donn\u00e9es personnelles:<\/strong><\/p><p>Conform\u00e9ment \u00e0 la Loi 29\/2021 du 28 octobre, qualifi\u00e9e de protection des donn\u00e9es personnelles, l&rsquo;utilisateur (Utilisateur) est inform\u00e9 en tant que personne fournissant ses donn\u00e9es personnelles (Donn\u00e9es personnelles) que celles-ci feront partie du fichier de responsabilit\u00e9 de la Palau de Gel d&rsquo;Andorra, enregistr\u00e9 aupr\u00e8s de l&rsquo;Agence andorrane de protection des donn\u00e9es, qui sera trait\u00e9 conform\u00e9ment \u00e0 la r\u00e9glementation en vigueur. Les donn\u00e9es seront utilis\u00e9es pour communiquer toute initiative \u00e0 des fins promotionnelles et publicitaires des activit\u00e9s touristiques de Canillo (\u00e9v\u00e9nements et activit\u00e9s sportifs, culturels et de loisirs, entre autres) par n&rsquo;importe quel canal d&rsquo;information, conform\u00e9ment \u00e0 l&rsquo;acceptation expresse exprim\u00e9e au moment de la collecte des donn\u00e9es. L&rsquo;Utilisateur est responsable de la v\u00e9racit\u00e9 des donn\u00e9es fournies et de la communication de tout changement ; par cons\u00e9quent, la Mairie de Canillo est exon\u00e9r\u00e9e de toute responsabilit\u00e9 \u00e0 cet \u00e9gard.<\/p><p>En tant qu&rsquo;utilisateur, vous pouvez exercer vos droits d&rsquo;acc\u00e8s, de rectification, d&rsquo;opposition, de r\u00e9clamation, de portabilit\u00e9, de limitation, de suppression et d&rsquo;omission sur vos donn\u00e9es. Ces droits peuvent \u00eatre exerc\u00e9s par l&rsquo;utilisateur en envoyant une demande \u00e0 l&rsquo;adresse e-mail dpd@canillo.ad ; le nom et le pr\u00e9nom, une adresse \u00e0 des fins de notification, une photocopie de la pi\u00e8ce d&rsquo;identit\u00e9 nationale ou du passeport et le contenu sp\u00e9cifique du droit \u00e0 exercer doivent \u00eatre inclus.<\/p><p>Pour plus d&rsquo;informations sur la politique de confidentialit\u00e9, veuillez consulter https:\/\/www.ponttibetacanillo.com<\/p><p><strong>11.Droit applicable :<\/strong><\/p><p>Tout litige ou diff\u00e9rend li\u00e9 \u00e0 l&rsquo;un quelconque des droits et obligations d\u00e9coulant des pr\u00e9sentes Conditions G\u00e9n\u00e9rales sera r\u00e9solu conform\u00e9ment au droit andorran et devant la comp\u00e9tence exclusive des tribunaux de la Principaut\u00e9 d&rsquo;Andorre.<\/p><\/div><\/div><\/div>\t\t\t\t\t<\/div>\n\t\t\t\t\t\t<\/div>\n\t\t\t\t<\/div>\n\t\t\t\t\t\t<\/div>\n\t\t\t\t\t<\/div>\n\t\t<\/div>\n\t\t\t\t\t\t\t\t<\/div>\n\t\t\t\t\t<\/div>\n\t\t<\/section>\n\t\t\t\t\t\t\t\t\t<\/div>\n\t\t\t<\/div>\n\t\t\t\t\t<\/div>\n\t\t","protected":false},"excerpt":{"rendered":"<p>CONDITIONS G\u00c9N\u00c9RALES D&rsquo;ADMISSION ET D&rsquo;UTILISATION DES BILLETS 1.Champ d&rsquo;application : L&rsquo;utilisation d&rsquo;un billet (le \u00ab Billet \u00bb) pour acc\u00e9der au PONT TIB\u00c9TAIN CANILLO (PT) et \/ ou au BELV\u00c9D\u00c8RE DU ROC DEL QUER (BRQ), propri\u00e9t\u00e9s de la Palau de Gel d&rsquo;Andorra , et les conditions d&rsquo;admission aux Activit\u00e9s PT et BRQ (les \u00ab Activit\u00e9s \u00bb), [&hellip;]<\/p>\n","protected":false},"author":2,"featured_media":0,"parent":0,"menu_order":0,"comment_status":"closed","ping_status":"open","template":"","meta":{"inline_featured_image":false},"yoast_head":"<!-- This site is optimized with the Yoast SEO plugin v20.5 - https:\/\/yoast.com\/wordpress\/plugins\/seo\/ -->\n<title>Termes et conditions - Pont Tibet\u00e0<\/title>\n<meta name=\"robots\" content=\"index, follow, max-snippet:-1, max-image-preview:large, max-video-preview:-1\" \/>\n<link rel=\"canonical\" href=\"https:\/\/www.ponttibetacanillo.com\/fr\/fr-termes-et-conditions\/\" \/>\n<meta property=\"og:locale\" content=\"fr_FR\" \/>\n<meta property=\"og:type\" content=\"article\" \/>\n<meta property=\"og:title\" content=\"Termes et conditions - Pont Tibet\u00e0\" \/>\n<meta property=\"og:description\" content=\"CONDITIONS G\u00c9N\u00c9RALES D&rsquo;ADMISSION ET D&rsquo;UTILISATION DES BILLETS 1.Champ d&rsquo;application : L&rsquo;utilisation d&rsquo;un billet (le \u00ab Billet \u00bb) pour acc\u00e9der au PONT TIB\u00c9TAIN CANILLO (PT) et \/ ou au BELV\u00c9D\u00c8RE DU ROC DEL QUER (BRQ), propri\u00e9t\u00e9s de la Palau de Gel d&rsquo;Andorra , et les conditions d&rsquo;admission aux Activit\u00e9s PT et BRQ (les \u00ab Activit\u00e9s \u00bb), [&hellip;]\" \/>\n<meta property=\"og:url\" content=\"https:\/\/www.ponttibetacanillo.com\/fr\/fr-termes-et-conditions\/\" \/>\n<meta property=\"og:site_name\" content=\"Pont Tibet\u00e0\" \/>\n<meta property=\"article:publisher\" content=\"https:\/\/www.facebook.com\/ponttibetacanillo\" \/>\n<meta property=\"article:modified_time\" content=\"2026-03-17T10:17:48+00:00\" \/>\n<meta name=\"twitter:card\" content=\"summary_large_image\" \/>\n<meta name=\"twitter:site\" content=\"@pontcanillo\" \/>\n<meta name=\"twitter:label1\" content=\"Dur\u00e9e de lecture estim\u00e9e\" \/>\n\t<meta name=\"twitter:data1\" content=\"8 minutes\" \/>\n<script type=\"application\/ld+json\" class=\"yoast-schema-graph\">{\"@context\":\"https:\/\/schema.org\",\"@graph\":[{\"@type\":\"WebPage\",\"@id\":\"https:\/\/www.ponttibetacanillo.com\/fr\/fr-termes-et-conditions\/\",\"url\":\"https:\/\/www.ponttibetacanillo.com\/fr\/fr-termes-et-conditions\/\",\"name\":\"Termes et conditions - Pont Tibet\u00e0\",\"isPartOf\":{\"@id\":\"https:\/\/www.ponttibetacanillo.com\/fr\/#website\"},\"datePublished\":\"2022-06-06T09:42:28+00:00\",\"dateModified\":\"2026-03-17T10:17:48+00:00\",\"breadcrumb\":{\"@id\":\"https:\/\/www.ponttibetacanillo.com\/fr\/fr-termes-et-conditions\/#breadcrumb\"},\"inLanguage\":\"fr-FR\",\"potentialAction\":[{\"@type\":\"ReadAction\",\"target\":[\"https:\/\/www.ponttibetacanillo.com\/fr\/fr-termes-et-conditions\/\"]}]},{\"@type\":\"BreadcrumbList\",\"@id\":\"https:\/\/www.ponttibetacanillo.com\/fr\/fr-termes-et-conditions\/#breadcrumb\",\"itemListElement\":[{\"@type\":\"ListItem\",\"position\":1,\"name\":\"Home\",\"item\":\"https:\/\/www.ponttibetacanillo.com\/fr\/\"},{\"@type\":\"ListItem\",\"position\":2,\"name\":\"Termes et conditions\"}]},{\"@type\":\"WebSite\",\"@id\":\"https:\/\/www.ponttibetacanillo.com\/fr\/#website\",\"url\":\"https:\/\/www.ponttibetacanillo.com\/fr\/\",\"name\":\"Pont Tibet\u00e0\",\"description\":\"\",\"publisher\":{\"@id\":\"https:\/\/www.ponttibetacanillo.com\/fr\/#organization\"},\"potentialAction\":[{\"@type\":\"SearchAction\",\"target\":{\"@type\":\"EntryPoint\",\"urlTemplate\":\"https:\/\/www.ponttibetacanillo.com\/fr\/?s={search_term_string}\"},\"query-input\":\"required name=search_term_string\"}],\"inLanguage\":\"fr-FR\"},{\"@type\":\"Organization\",\"@id\":\"https:\/\/www.ponttibetacanillo.com\/fr\/#organization\",\"name\":\"Pont Tibet\u00e0 Canillo - Roc del Quer\",\"url\":\"https:\/\/www.ponttibetacanillo.com\/fr\/\",\"logo\":{\"@type\":\"ImageObject\",\"inLanguage\":\"fr-FR\",\"@id\":\"https:\/\/www.ponttibetacanillo.com\/fr\/#\/schema\/logo\/image\/\",\"url\":\"https:\/\/www.ponttibetacanillo.com\/wp-content\/uploads\/2022\/06\/cropped-Logotip_PTVR-2048x1408-1.png\",\"contentUrl\":\"https:\/\/www.ponttibetacanillo.com\/wp-content\/uploads\/2022\/06\/cropped-Logotip_PTVR-2048x1408-1.png\",\"width\":2048,\"height\":1408,\"caption\":\"Pont Tibet\u00e0 Canillo - Roc del Quer\"},\"image\":{\"@id\":\"https:\/\/www.ponttibetacanillo.com\/fr\/#\/schema\/logo\/image\/\"},\"sameAs\":[\"https:\/\/www.facebook.com\/ponttibetacanillo\",\"https:\/\/twitter.com\/pontcanillo\",\"https:\/\/www.instagram.com\/ponttibetacanillo\/\"]}]}<\/script>\n<!-- \/ Yoast SEO plugin. -->","yoast_head_json":{"title":"Termes et conditions - Pont Tibet\u00e0","robots":{"index":"index","follow":"follow","max-snippet":"max-snippet:-1","max-image-preview":"max-image-preview:large","max-video-preview":"max-video-preview:-1"},"canonical":"https:\/\/www.ponttibetacanillo.com\/fr\/fr-termes-et-conditions\/","og_locale":"fr_FR","og_type":"article","og_title":"Termes et conditions - Pont Tibet\u00e0","og_description":"CONDITIONS G\u00c9N\u00c9RALES D&rsquo;ADMISSION ET D&rsquo;UTILISATION DES BILLETS 1.Champ d&rsquo;application : L&rsquo;utilisation d&rsquo;un billet (le \u00ab Billet \u00bb) pour acc\u00e9der au PONT TIB\u00c9TAIN CANILLO (PT) et \/ ou au BELV\u00c9D\u00c8RE DU ROC DEL QUER (BRQ), propri\u00e9t\u00e9s de la Palau de Gel d&rsquo;Andorra , et les conditions d&rsquo;admission aux Activit\u00e9s PT et BRQ (les \u00ab Activit\u00e9s \u00bb), [&hellip;]","og_url":"https:\/\/www.ponttibetacanillo.com\/fr\/fr-termes-et-conditions\/","og_site_name":"Pont Tibet\u00e0","article_publisher":"https:\/\/www.facebook.com\/ponttibetacanillo","article_modified_time":"2026-03-17T10:17:48+00:00","twitter_card":"summary_large_image","twitter_site":"@pontcanillo","twitter_misc":{"Dur\u00e9e de lecture estim\u00e9e":"8 minutes"},"schema":{"@context":"https:\/\/schema.org","@graph":[{"@type":"WebPage","@id":"https:\/\/www.ponttibetacanillo.com\/fr\/fr-termes-et-conditions\/","url":"https:\/\/www.ponttibetacanillo.com\/fr\/fr-termes-et-conditions\/","name":"Termes et conditions - Pont Tibet\u00e0","isPartOf":{"@id":"https:\/\/www.ponttibetacanillo.com\/fr\/#website"},"datePublished":"2022-06-06T09:42:28+00:00","dateModified":"2026-03-17T10:17:48+00:00","breadcrumb":{"@id":"https:\/\/www.ponttibetacanillo.com\/fr\/fr-termes-et-conditions\/#breadcrumb"},"inLanguage":"fr-FR","potentialAction":[{"@type":"ReadAction","target":["https:\/\/www.ponttibetacanillo.com\/fr\/fr-termes-et-conditions\/"]}]},{"@type":"BreadcrumbList","@id":"https:\/\/www.ponttibetacanillo.com\/fr\/fr-termes-et-conditions\/#breadcrumb","itemListElement":[{"@type":"ListItem","position":1,"name":"Home","item":"https:\/\/www.ponttibetacanillo.com\/fr\/"},{"@type":"ListItem","position":2,"name":"Termes et conditions"}]},{"@type":"WebSite","@id":"https:\/\/www.ponttibetacanillo.com\/fr\/#website","url":"https:\/\/www.ponttibetacanillo.com\/fr\/","name":"Pont Tibet\u00e0","description":"","publisher":{"@id":"https:\/\/www.ponttibetacanillo.com\/fr\/#organization"},"potentialAction":[{"@type":"SearchAction","target":{"@type":"EntryPoint","urlTemplate":"https:\/\/www.ponttibetacanillo.com\/fr\/?s={search_term_string}"},"query-input":"required name=search_term_string"}],"inLanguage":"fr-FR"},{"@type":"Organization","@id":"https:\/\/www.ponttibetacanillo.com\/fr\/#organization","name":"Pont Tibet\u00e0 Canillo - Roc del Quer","url":"https:\/\/www.ponttibetacanillo.com\/fr\/","logo":{"@type":"ImageObject","inLanguage":"fr-FR","@id":"https:\/\/www.ponttibetacanillo.com\/fr\/#\/schema\/logo\/image\/","url":"https:\/\/www.ponttibetacanillo.com\/wp-content\/uploads\/2022\/06\/cropped-Logotip_PTVR-2048x1408-1.png","contentUrl":"https:\/\/www.ponttibetacanillo.com\/wp-content\/uploads\/2022\/06\/cropped-Logotip_PTVR-2048x1408-1.png","width":2048,"height":1408,"caption":"Pont Tibet\u00e0 Canillo - Roc del Quer"},"image":{"@id":"https:\/\/www.ponttibetacanillo.com\/fr\/#\/schema\/logo\/image\/"},"sameAs":["https:\/\/www.facebook.com\/ponttibetacanillo","https:\/\/twitter.com\/pontcanillo","https:\/\/www.instagram.com\/ponttibetacanillo\/"]}]}},"_links":{"self":[{"href":"https:\/\/www.ponttibetacanillo.com\/fr\/wp-json\/wp\/v2\/pages\/17653"}],"collection":[{"href":"https:\/\/www.ponttibetacanillo.com\/fr\/wp-json\/wp\/v2\/pages"}],"about":[{"href":"https:\/\/www.ponttibetacanillo.com\/fr\/wp-json\/wp\/v2\/types\/page"}],"author":[{"embeddable":true,"href":"https:\/\/www.ponttibetacanillo.com\/fr\/wp-json\/wp\/v2\/users\/2"}],"replies":[{"embeddable":true,"href":"https:\/\/www.ponttibetacanillo.com\/fr\/wp-json\/wp\/v2\/comments?post=17653"}],"version-history":[{"count":10,"href":"https:\/\/www.ponttibetacanillo.com\/fr\/wp-json\/wp\/v2\/pages\/17653\/revisions"}],"predecessor-version":[{"id":20644,"href":"https:\/\/www.ponttibetacanillo.com\/fr\/wp-json\/wp\/v2\/pages\/17653\/revisions\/20644"}],"wp:attachment":[{"href":"https:\/\/www.ponttibetacanillo.com\/fr\/wp-json\/wp\/v2\/media?parent=17653"}],"curies":[{"name":"wp","href":"https:\/\/api.w.org\/{rel}","templated":true}]}}