{"id":17635,"date":"2022-06-08T12:46:53","date_gmt":"2022-06-08T12:46:53","guid":{"rendered":"https:\/\/www.ponttibetacanillo.com\/cookies\/"},"modified":"2022-06-28T08:54:30","modified_gmt":"2022-06-28T08:54:30","slug":"cookies","status":"publish","type":"page","link":"https:\/\/www.ponttibetacanillo.com\/fr\/cookies\/","title":{"rendered":"POLITIQUE DE COOKIES"},"content":{"rendered":"\t\t<div data-elementor-type=\"wp-page\" data-elementor-id=\"17635\" class=\"elementor elementor-17635 elementor-16878\">\n\t\t\t\t\t\t<div class=\"elementor-inner\">\n\t\t\t\t<div class=\"elementor-section-wrap\">\n\t\t\t\t\t\t\t\t\t<section class=\"elementor-section elementor-top-section elementor-element elementor-element-2cfc5d5d elementor-section-boxed elementor-section-height-default elementor-section-height-default\" data-id=\"2cfc5d5d\" data-element_type=\"section\">\n\t\t\t\t\t\t<div class=\"elementor-container elementor-column-gap-default\">\n\t\t\t\t\t\t\t<div class=\"elementor-row\">\n\t\t\t\t\t<div class=\"elementor-column elementor-col-100 elementor-top-column elementor-element elementor-element-4aa5b4bc\" data-id=\"4aa5b4bc\" data-element_type=\"column\">\n\t\t\t<div class=\"elementor-column-wrap elementor-element-populated\">\n\t\t\t\t\t\t\t<div class=\"elementor-widget-wrap\">\n\t\t\t\t\t\t<div class=\"elementor-element elementor-element-259193d7 elementor-widget elementor-widget-text-editor\" data-id=\"259193d7\" data-element_type=\"widget\" data-widget_type=\"text-editor.default\">\n\t\t\t\t<div class=\"elementor-widget-container\">\n\t\t\t<style>\/*! elementor - v3.12.1 - 02-04-2023 *\/\n.elementor-widget-text-editor.elementor-drop-cap-view-stacked .elementor-drop-cap{background-color:#69727d;color:#fff}.elementor-widget-text-editor.elementor-drop-cap-view-framed .elementor-drop-cap{color:#69727d;border:3px solid;background-color:transparent}.elementor-widget-text-editor:not(.elementor-drop-cap-view-default) .elementor-drop-cap{margin-top:8px}.elementor-widget-text-editor:not(.elementor-drop-cap-view-default) .elementor-drop-cap-letter{width:1em;height:1em}.elementor-widget-text-editor .elementor-drop-cap{float:left;text-align:center;line-height:1;font-size:50px}.elementor-widget-text-editor .elementor-drop-cap-letter{display:inline-block}<\/style>\t\t\t\t\t<div class=\"elementor-text-editor elementor-clearfix\">\n\t\t\t\t<div class=\"page\" title=\"Page 1\">\n<div class=\"layoutArea\">\n<div class=\"column\">\n<div class=\"page\" title=\"Page 1\">\n<div class=\"layoutArea\">\n<div class=\"column\">\n\n<strong>POLITIQUE DE COOKIES <\/strong>\n\nPour le bon fonctionnement de www.ponttibetacanillo.com, nous utilisons des cookies de navigation sur votre appareil. Un cookie est un petit fichier texte que le site Web d\u00e9pose sur votre ordinateur ou votre t\u00e9l\u00e9phone portable pendant un certain temps. Il se souvient que vous nous avez rendu visite r\u00e9cemment et ne r\u00e9p\u00e8te pas le message de consentement \u00e0 chaque fois que vous naviguez de page en page. Le cookie permet au site Web de reconna\u00eetre votre navigation, le contenu qui vous int\u00e9resse ou les pr\u00e9f\u00e9rences que vous avez affich\u00e9es lors de votre visite, telles que votre identifiant ou votre langue de navigation, entre autres. Les cookies ne collectent en aucun cas des donn\u00e9es personnelles, ils sont totalement anonymes et les donn\u00e9es que ponttibetacanillo.com obtient via Google Analytics ont une adresse IP crypt\u00e9e. Ces donn\u00e9es nous permettent de recevoir des informations sur nos utilisateurs que nous pouvons ensuite utiliser pour cr\u00e9er une meilleure exp\u00e9rience de navigation et pour am\u00e9liorer la fonctionnalit\u00e9 du site Web. Le consentement est consid\u00e9r\u00e9 comme accord\u00e9 lorsque vous l&rsquo;acceptez explicitement ou si votre navigateur est configur\u00e9 pour accepter l&rsquo;utilisation de cookies. Ceci s&rsquo;applique \u00e9galement si le navigateur est pr\u00e9d\u00e9fini pour cette acceptation. En tant qu&rsquo;utilisateur, vous pouvez toujours configurer votre navigateur pour qu\u2019il vous signale la pr\u00e9sence de cookies ou vous pouvez le configurer manuellement pour ne pas admettre les cookies, car cela ne vous emp\u00eachera pas d&rsquo;acc\u00e9der aux informations du site Web.\n\n<\/div>\n<\/div>\n<\/div>\n<\/div>\n<\/div>\n<\/div>\t\t\t\t\t<\/div>\n\t\t\t\t\t\t<\/div>\n\t\t\t\t<\/div>\n\t\t\t\t\t\t<\/div>\n\t\t\t\t\t<\/div>\n\t\t<\/div>\n\t\t\t\t\t\t\t\t<\/div>\n\t\t\t\t\t<\/div>\n\t\t<\/section>\n\t\t\t\t<section class=\"elementor-section elementor-top-section elementor-element elementor-element-f3d2761 elementor-section-boxed elementor-section-height-default elementor-section-height-default\" data-id=\"f3d2761\" data-element_type=\"section\">\n\t\t\t\t\t\t<div class=\"elementor-container elementor-column-gap-default\">\n\t\t\t\t\t\t\t<div class=\"elementor-row\">\n\t\t\t\t\t<div class=\"elementor-column elementor-col-100 elementor-top-column elementor-element elementor-element-096082a\" data-id=\"096082a\" data-element_type=\"column\">\n\t\t\t<div class=\"elementor-column-wrap elementor-element-populated\">\n\t\t\t\t\t\t\t<div class=\"elementor-widget-wrap\">\n\t\t\t\t\t\t<div class=\"elementor-element elementor-element-742a878 elementor-widget elementor-widget-text-editor\" data-id=\"742a878\" data-element_type=\"widget\" data-widget_type=\"text-editor.default\">\n\t\t\t\t<div class=\"elementor-widget-container\">\n\t\t\t\t\t\t\t\t<div class=\"elementor-text-editor elementor-clearfix\">\n\t\t\t\t<div class=\"cookieConsent\">\n<script id=\"CookieDeclaration\" src=\"https:\/\/consent.cookiebot.com\/b9f48f11-16cb-464c-aeab-3b4c65e2348b\/cd.js\" type=\"text\/javascript\" async><\/script>\n<\/div>\t\t\t\t\t<\/div>\n\t\t\t\t\t\t<\/div>\n\t\t\t\t<\/div>\n\t\t\t\t\t\t<\/div>\n\t\t\t\t\t<\/div>\n\t\t<\/div>\n\t\t\t\t\t\t\t\t<\/div>\n\t\t\t\t\t<\/div>\n\t\t<\/section>\n\t\t\t\t\t\t\t\t\t<\/div>\n\t\t\t<\/div>\n\t\t\t\t\t<\/div>\n\t\t","protected":false},"excerpt":{"rendered":"<p>POLITIQUE DE COOKIES Pour le bon fonctionnement de www.ponttibetacanillo.com, nous utilisons des cookies de navigation sur votre appareil. Un cookie est un petit fichier texte que le site Web d\u00e9pose sur votre ordinateur ou votre t\u00e9l\u00e9phone portable pendant un certain temps. Il se souvient que vous nous avez rendu visite r\u00e9cemment et ne r\u00e9p\u00e8te pas [&hellip;]<\/p>\n","protected":false},"author":2,"featured_media":0,"parent":0,"menu_order":0,"comment_status":"closed","ping_status":"open","template":"","meta":{"inline_featured_image":false},"yoast_head":"<!-- This site is optimized with the Yoast SEO plugin v20.5 - https:\/\/yoast.com\/wordpress\/plugins\/seo\/ -->\n<title>POLITIQUE DE COOKIES - Pont Tibet\u00e0<\/title>\n<meta name=\"robots\" content=\"index, follow, max-snippet:-1, max-image-preview:large, max-video-preview:-1\" \/>\n<link rel=\"canonical\" href=\"https:\/\/www.ponttibetacanillo.com\/fr\/cookies\/\" \/>\n<meta property=\"og:locale\" content=\"fr_FR\" \/>\n<meta property=\"og:type\" content=\"article\" \/>\n<meta property=\"og:title\" content=\"POLITIQUE DE COOKIES - Pont Tibet\u00e0\" \/>\n<meta property=\"og:description\" content=\"POLITIQUE DE COOKIES Pour le bon fonctionnement de www.ponttibetacanillo.com, nous utilisons des cookies de navigation sur votre appareil. Un cookie est un petit fichier texte que le site Web d\u00e9pose sur votre ordinateur ou votre t\u00e9l\u00e9phone portable pendant un certain temps. Il se souvient que vous nous avez rendu visite r\u00e9cemment et ne r\u00e9p\u00e8te pas [&hellip;]\" \/>\n<meta property=\"og:url\" content=\"https:\/\/www.ponttibetacanillo.com\/fr\/cookies\/\" \/>\n<meta property=\"og:site_name\" content=\"Pont Tibet\u00e0\" \/>\n<meta property=\"article:publisher\" content=\"https:\/\/www.facebook.com\/ponttibetacanillo\" \/>\n<meta property=\"article:modified_time\" content=\"2022-06-28T08:54:30+00:00\" \/>\n<meta name=\"twitter:card\" content=\"summary_large_image\" \/>\n<meta name=\"twitter:site\" content=\"@pontcanillo\" \/>\n<meta name=\"twitter:label1\" content=\"Dur\u00e9e de lecture estim\u00e9e\" \/>\n\t<meta name=\"twitter:data1\" content=\"2 minutes\" \/>\n<script type=\"application\/ld+json\" class=\"yoast-schema-graph\">{\"@context\":\"https:\/\/schema.org\",\"@graph\":[{\"@type\":\"WebPage\",\"@id\":\"https:\/\/www.ponttibetacanillo.com\/fr\/cookies\/\",\"url\":\"https:\/\/www.ponttibetacanillo.com\/fr\/cookies\/\",\"name\":\"POLITIQUE DE COOKIES - Pont Tibet\u00e0\",\"isPartOf\":{\"@id\":\"https:\/\/www.ponttibetacanillo.com\/fr\/#website\"},\"datePublished\":\"2022-06-08T12:46:53+00:00\",\"dateModified\":\"2022-06-28T08:54:30+00:00\",\"breadcrumb\":{\"@id\":\"https:\/\/www.ponttibetacanillo.com\/fr\/cookies\/#breadcrumb\"},\"inLanguage\":\"fr-FR\",\"potentialAction\":[{\"@type\":\"ReadAction\",\"target\":[\"https:\/\/www.ponttibetacanillo.com\/fr\/cookies\/\"]}]},{\"@type\":\"BreadcrumbList\",\"@id\":\"https:\/\/www.ponttibetacanillo.com\/fr\/cookies\/#breadcrumb\",\"itemListElement\":[{\"@type\":\"ListItem\",\"position\":1,\"name\":\"Home\",\"item\":\"https:\/\/www.ponttibetacanillo.com\/fr\/\"},{\"@type\":\"ListItem\",\"position\":2,\"name\":\"POLITIQUE DE COOKIES\"}]},{\"@type\":\"WebSite\",\"@id\":\"https:\/\/www.ponttibetacanillo.com\/fr\/#website\",\"url\":\"https:\/\/www.ponttibetacanillo.com\/fr\/\",\"name\":\"Pont Tibet\u00e0\",\"description\":\"\",\"publisher\":{\"@id\":\"https:\/\/www.ponttibetacanillo.com\/fr\/#organization\"},\"potentialAction\":[{\"@type\":\"SearchAction\",\"target\":{\"@type\":\"EntryPoint\",\"urlTemplate\":\"https:\/\/www.ponttibetacanillo.com\/fr\/?s={search_term_string}\"},\"query-input\":\"required name=search_term_string\"}],\"inLanguage\":\"fr-FR\"},{\"@type\":\"Organization\",\"@id\":\"https:\/\/www.ponttibetacanillo.com\/fr\/#organization\",\"name\":\"Pont Tibet\u00e0 Canillo - Roc del Quer\",\"url\":\"https:\/\/www.ponttibetacanillo.com\/fr\/\",\"logo\":{\"@type\":\"ImageObject\",\"inLanguage\":\"fr-FR\",\"@id\":\"https:\/\/www.ponttibetacanillo.com\/fr\/#\/schema\/logo\/image\/\",\"url\":\"https:\/\/www.ponttibetacanillo.com\/wp-content\/uploads\/2022\/06\/cropped-Logotip_PTVR-2048x1408-1.png\",\"contentUrl\":\"https:\/\/www.ponttibetacanillo.com\/wp-content\/uploads\/2022\/06\/cropped-Logotip_PTVR-2048x1408-1.png\",\"width\":2048,\"height\":1408,\"caption\":\"Pont Tibet\u00e0 Canillo - Roc del Quer\"},\"image\":{\"@id\":\"https:\/\/www.ponttibetacanillo.com\/fr\/#\/schema\/logo\/image\/\"},\"sameAs\":[\"https:\/\/www.facebook.com\/ponttibetacanillo\",\"https:\/\/twitter.com\/pontcanillo\",\"https:\/\/www.instagram.com\/ponttibetacanillo\/\"]}]}<\/script>\n<!-- \/ Yoast SEO plugin. -->","yoast_head_json":{"title":"POLITIQUE DE COOKIES - Pont Tibet\u00e0","robots":{"index":"index","follow":"follow","max-snippet":"max-snippet:-1","max-image-preview":"max-image-preview:large","max-video-preview":"max-video-preview:-1"},"canonical":"https:\/\/www.ponttibetacanillo.com\/fr\/cookies\/","og_locale":"fr_FR","og_type":"article","og_title":"POLITIQUE DE COOKIES - Pont Tibet\u00e0","og_description":"POLITIQUE DE COOKIES Pour le bon fonctionnement de www.ponttibetacanillo.com, nous utilisons des cookies de navigation sur votre appareil. Un cookie est un petit fichier texte que le site Web d\u00e9pose sur votre ordinateur ou votre t\u00e9l\u00e9phone portable pendant un certain temps. Il se souvient que vous nous avez rendu visite r\u00e9cemment et ne r\u00e9p\u00e8te pas [&hellip;]","og_url":"https:\/\/www.ponttibetacanillo.com\/fr\/cookies\/","og_site_name":"Pont Tibet\u00e0","article_publisher":"https:\/\/www.facebook.com\/ponttibetacanillo","article_modified_time":"2022-06-28T08:54:30+00:00","twitter_card":"summary_large_image","twitter_site":"@pontcanillo","twitter_misc":{"Dur\u00e9e de lecture estim\u00e9e":"2 minutes"},"schema":{"@context":"https:\/\/schema.org","@graph":[{"@type":"WebPage","@id":"https:\/\/www.ponttibetacanillo.com\/fr\/cookies\/","url":"https:\/\/www.ponttibetacanillo.com\/fr\/cookies\/","name":"POLITIQUE DE COOKIES - Pont Tibet\u00e0","isPartOf":{"@id":"https:\/\/www.ponttibetacanillo.com\/fr\/#website"},"datePublished":"2022-06-08T12:46:53+00:00","dateModified":"2022-06-28T08:54:30+00:00","breadcrumb":{"@id":"https:\/\/www.ponttibetacanillo.com\/fr\/cookies\/#breadcrumb"},"inLanguage":"fr-FR","potentialAction":[{"@type":"ReadAction","target":["https:\/\/www.ponttibetacanillo.com\/fr\/cookies\/"]}]},{"@type":"BreadcrumbList","@id":"https:\/\/www.ponttibetacanillo.com\/fr\/cookies\/#breadcrumb","itemListElement":[{"@type":"ListItem","position":1,"name":"Home","item":"https:\/\/www.ponttibetacanillo.com\/fr\/"},{"@type":"ListItem","position":2,"name":"POLITIQUE DE COOKIES"}]},{"@type":"WebSite","@id":"https:\/\/www.ponttibetacanillo.com\/fr\/#website","url":"https:\/\/www.ponttibetacanillo.com\/fr\/","name":"Pont Tibet\u00e0","description":"","publisher":{"@id":"https:\/\/www.ponttibetacanillo.com\/fr\/#organization"},"potentialAction":[{"@type":"SearchAction","target":{"@type":"EntryPoint","urlTemplate":"https:\/\/www.ponttibetacanillo.com\/fr\/?s={search_term_string}"},"query-input":"required name=search_term_string"}],"inLanguage":"fr-FR"},{"@type":"Organization","@id":"https:\/\/www.ponttibetacanillo.com\/fr\/#organization","name":"Pont Tibet\u00e0 Canillo - Roc del Quer","url":"https:\/\/www.ponttibetacanillo.com\/fr\/","logo":{"@type":"ImageObject","inLanguage":"fr-FR","@id":"https:\/\/www.ponttibetacanillo.com\/fr\/#\/schema\/logo\/image\/","url":"https:\/\/www.ponttibetacanillo.com\/wp-content\/uploads\/2022\/06\/cropped-Logotip_PTVR-2048x1408-1.png","contentUrl":"https:\/\/www.ponttibetacanillo.com\/wp-content\/uploads\/2022\/06\/cropped-Logotip_PTVR-2048x1408-1.png","width":2048,"height":1408,"caption":"Pont Tibet\u00e0 Canillo - Roc del Quer"},"image":{"@id":"https:\/\/www.ponttibetacanillo.com\/fr\/#\/schema\/logo\/image\/"},"sameAs":["https:\/\/www.facebook.com\/ponttibetacanillo","https:\/\/twitter.com\/pontcanillo","https:\/\/www.instagram.com\/ponttibetacanillo\/"]}]}},"_links":{"self":[{"href":"https:\/\/www.ponttibetacanillo.com\/fr\/wp-json\/wp\/v2\/pages\/17635"}],"collection":[{"href":"https:\/\/www.ponttibetacanillo.com\/fr\/wp-json\/wp\/v2\/pages"}],"about":[{"href":"https:\/\/www.ponttibetacanillo.com\/fr\/wp-json\/wp\/v2\/types\/page"}],"author":[{"embeddable":true,"href":"https:\/\/www.ponttibetacanillo.com\/fr\/wp-json\/wp\/v2\/users\/2"}],"replies":[{"embeddable":true,"href":"https:\/\/www.ponttibetacanillo.com\/fr\/wp-json\/wp\/v2\/comments?post=17635"}],"version-history":[{"count":4,"href":"https:\/\/www.ponttibetacanillo.com\/fr\/wp-json\/wp\/v2\/pages\/17635\/revisions"}],"predecessor-version":[{"id":17639,"href":"https:\/\/www.ponttibetacanillo.com\/fr\/wp-json\/wp\/v2\/pages\/17635\/revisions\/17639"}],"wp:attachment":[{"href":"https:\/\/www.ponttibetacanillo.com\/fr\/wp-json\/wp\/v2\/media?parent=17635"}],"curies":[{"name":"wp","href":"https:\/\/api.w.org\/{rel}","templated":true}]}}