{"id":17582,"date":"2022-05-16T15:07:23","date_gmt":"2022-05-16T15:07:23","guid":{"rendered":"https:\/\/www.ponttibetacanillo.com\/avis-legal\/"},"modified":"2026-03-17T10:09:41","modified_gmt":"2026-03-17T10:09:41","slug":"avis-juridique","status":"publish","type":"page","link":"https:\/\/www.ponttibetacanillo.com\/fr\/avis-juridique\/","title":{"rendered":"AVIS JURIDIQUE"},"content":{"rendered":"\t\t<div data-elementor-type=\"wp-page\" data-elementor-id=\"17582\" class=\"elementor elementor-17582 elementor-3\">\n\t\t\t\t\t\t<div class=\"elementor-inner\">\n\t\t\t\t<div class=\"elementor-section-wrap\">\n\t\t\t\t\t\t\t\t\t<section class=\"elementor-section elementor-top-section elementor-element elementor-element-2cfc5d5d elementor-section-boxed elementor-section-height-default elementor-section-height-default\" data-id=\"2cfc5d5d\" data-element_type=\"section\">\n\t\t\t\t\t\t<div class=\"elementor-container elementor-column-gap-default\">\n\t\t\t\t\t\t\t<div class=\"elementor-row\">\n\t\t\t\t\t<div class=\"elementor-column elementor-col-100 elementor-top-column elementor-element elementor-element-4aa5b4bc\" data-id=\"4aa5b4bc\" data-element_type=\"column\">\n\t\t\t<div class=\"elementor-column-wrap elementor-element-populated\">\n\t\t\t\t\t\t\t<div class=\"elementor-widget-wrap\">\n\t\t\t\t\t\t<div class=\"elementor-element elementor-element-259193d7 elementor-widget elementor-widget-text-editor\" data-id=\"259193d7\" data-element_type=\"widget\" data-widget_type=\"text-editor.default\">\n\t\t\t\t<div class=\"elementor-widget-container\">\n\t\t\t<style>\/*! elementor - v3.12.1 - 02-04-2023 *\/\n.elementor-widget-text-editor.elementor-drop-cap-view-stacked .elementor-drop-cap{background-color:#69727d;color:#fff}.elementor-widget-text-editor.elementor-drop-cap-view-framed .elementor-drop-cap{color:#69727d;border:3px solid;background-color:transparent}.elementor-widget-text-editor:not(.elementor-drop-cap-view-default) .elementor-drop-cap{margin-top:8px}.elementor-widget-text-editor:not(.elementor-drop-cap-view-default) .elementor-drop-cap-letter{width:1em;height:1em}.elementor-widget-text-editor .elementor-drop-cap{float:left;text-align:center;line-height:1;font-size:50px}.elementor-widget-text-editor .elementor-drop-cap-letter{display:inline-block}<\/style>\t\t\t\t\t<div class=\"elementor-text-editor elementor-clearfix\">\n\t\t\t\t<h3>AVIS JURIDIQUE<\/h3><p>Aquest av\u00eds legal recull les condicions generals que regulen l&rsquo;acc\u00e9s i l&rsquo;\u00fas del portal www.ponttibetacanillo.com, d\u2019ara endavant \u00abel Portal\u00bb, del qual \u00e9s titular i propietari el Palau de Gel d&rsquo;Andorra,\u00a0 L&rsquo;acc\u00e9s al Portal \u00e9s gratu\u00eft i la seva visualitzaci\u00f3 no requereix cap registre ni subscripci\u00f3 previs. A trav\u00e9s del Portal es facilita informaci\u00f3 sobre el Pont Tibet\u00e0 de Canillo i el Mirador del Roc del Quer .<\/p><p><strong><br \/>Responsabilitats<\/strong><\/p><p>El Palau de Gel d&rsquo;Andorra no es responsabilitza dels danys i perjudicis produ\u00efts o que es puguin produir, de cap naturalesa, que es derivin de l&rsquo;\u00fas de la informaci\u00f3, del contingut del Portal i dels programes que incorpora, i que poguessin ocasionar, a t\u00edtol enunciatiu i no limitatiu: errors o omissions en els continguts, falta de disponibilitat del Portal o la transmissi\u00f3 de virus o programes maliciosos o lesius en els continguts, malgrat haver adoptat totes les mesures tecnol\u00f2giques necess\u00e0ries per evitar-ho.<\/p><p>La informaci\u00f3 continguda al Portal \u00e9s la vigent en la data de l&rsquo;\u00faltima actualitzaci\u00f3, i el Palau de Gel d&rsquo;Andorra no garanteix l&rsquo;abs\u00e8ncia d&rsquo;errors en l&rsquo;acc\u00e9s al Portal ni en el contingut, per\u00f2 adoptar\u00e0 les mesures pertinents per evitar-los, corregir-los o actualitzar-los tan aviat com es detectin. El Palau de Gel d&rsquo;Andorra es reserva el dret de modificar i actualitzar la informaci\u00f3 del Portal, la seva presentaci\u00f3 i configuraci\u00f3 i les condicions d&rsquo;acc\u00e9s sense necessitat de previ av\u00eds i en qualsevol moment. Aix\u00ed mateix, el Palau de Gel d&rsquo;Andorra es reserva el dret de modificar o ometre totalment o parcial els continguts del Portal i restringir-ne l&rsquo;acc\u00e9s. En cas que s\u2019hagin de realitzar operacions de manteniment, reparaci\u00f3, actualitzaci\u00f3 o millora dels serveis, elPalau de Gel d&rsquo;Andorra es reserva el dret de suspendre temporalment, i sense necessitat de previ av\u00eds, l&rsquo;acc\u00e9s al Portal, aix\u00ed com el dret de prestaci\u00f3 o cancel\u00b7laci\u00f3 dels serveis, sense perjudici de procurar posar-ho en coneixement dels usuaris, sempre que les circumst\u00e0ncies ho permetin. L&rsquo;\u00fas d&rsquo;aquest Portal i la informaci\u00f3 que s&rsquo;hi facilita s\u00f3n responsabilitat de l&rsquo;usuari. Cap tercer podr\u00e0 establir una relaci\u00f3 de framing entre les seves p\u00e0gines web i el Portal. Aix\u00ed mateix, el Palau de Gel d&rsquo;Andorra no es responsabilitza del contingut de tercers al qual es pugui accedir mitjan\u00e7ant els enlla\u00e7os continguts al Portal.<\/p><p>L&rsquo;usuari \u00e9s responsable del compliment de les lleis i dels reglaments en vigor i de les regles aplicables a l&rsquo;\u00fas que es realitzi dels productes i de les aplicacions. Tanmateix, es prohibeix l&rsquo;\u00fas del Portal contrari a la bona fe, en particular i de manera no exhaustiva: la utilitzaci\u00f3 contr\u00e0ria a la normativa andorrana o que infringeixi els drets de tercers; la publicaci\u00f3 o transmissi\u00f3 de qualsevol contingut que resulti violent, obsc\u00e8, abusiu, il\u00b7legal, racial, xen\u00f2fob o difamatori; alterar o intervenir per mitjans fraudulents p\u00e0gines web personals, correus electr\u00f2nics o sistemes d&rsquo;altres usuaris o tercers sense la seva autoritzaci\u00f3; els cracks, n\u00fameros de s\u00e8rie de programes o qualsevol altre contingut que vulneri els drets de la propietat intel\u00b7lectual de tercers; la recollida o la utilitzaci\u00f3 de dades personals d&rsquo;altres usuaris sense el seu consentiment expr\u00e9s o que contravingui les disposicions de la Llei 29\/2021, del 28 d\u2019octubre, qualificada de protecci\u00f3 de dades personals.; la utilitzaci\u00f3 del servidor de correu, el domini i les adreces electr\u00f2niques amb finalitats de correu no desitjat, bombardeig de correu, suplantaci\u00f3 d&rsquo;identitat, frau sota cust\u00f2dia de tercers, Scam 419, pharming, difusi\u00f3 de virus (troians, etc.) o qualsevol altre tipus d&rsquo;activitat realitzada amb \u00e0nim fraudulent o delictiu. Es prohibeix expressament accedir, modificar, visualitzar la configuraci\u00f3, l&rsquo;estructura i els fitxers dels servidors del Portal. Davant qualsevol problema que es pogu\u00e9s produir als servidors i sistemes de seguretat del Portal com a conseq\u00fc\u00e8ncia directa d&rsquo;una actuaci\u00f3 negligent de l&rsquo;usuari, aquest respondr\u00e0 per la responsabilitat civil i penal que correspongui. L&rsquo;usuari respectar\u00e0 els est\u00e0ndards t\u00e8cnics disposats pel Portal en l&rsquo;administraci\u00f3 i el desenvolupament dels productes utilitzats de manera que no es produeixi un \u00fas abusiu que retardi els servidors i perjudiqui la prestaci\u00f3 dels productes o drets d&rsquo;altres usuaris.<\/p><p><strong><br \/>Propietat Intel\u00b7lectual sobre els continguts<\/strong><\/p><p>Tots els elements que apareixen al Portal, sense limitaci\u00f3 (fotografies, m\u00fasica, sons, animacions, programari, textos, nom del domini, marques, informaci\u00f3 i contingut recopilats de tot el web, etc), aix\u00ed com l&rsquo;estructura, el disseny gr\u00e0fic i el codi font, s\u00f3n propietat del Palau de Gel d&rsquo;Andorra o, si escau, de tercers que li han cedit els corresponents drets d\u2019\u00fas, i que l\u2019usuari d\u2019aquest lloc web ha de respectar, i que per tant estan protegits per la normativa de propietat intel\u00b7lectual.<\/p><p>No es podran realitzar actes totals o parcials de reproducci\u00f3, publicaci\u00f3, tractament inform\u00e0tic, distribuci\u00f3, difusi\u00f3, transformaci\u00f3, compilaci\u00f3, modificaci\u00f3, distribuci\u00f3 o comunicaci\u00f3 p\u00fabliques del Portal sense el consentiment previ i per escrit del Com\u00fa de Canillo.<\/p><p>L&rsquo;acc\u00e9s per part de l&rsquo;usuari als continguts i als serveis del Portal no implica cap dret pel que fa a la seva transmissi\u00f3, cessi\u00f3, utilitzaci\u00f3, alteraci\u00f3, explotaci\u00f3, reproducci\u00f3, distribuci\u00f3 o comunicaci\u00f3 p\u00fabliques, objecte de propietat intel\u00b7lectual, sense la pr\u00e8via autoritzaci\u00f3 expressa atorgada espec\u00edficament a aquest efecte per part del Palau de Gel d&rsquo;Andorra o del tercer titular dels drets, si escau.<\/p><p>Els usuaris del Portal nom\u00e9s podran realitzar un \u00fas privat i personal dels seus continguts, \u00e9s a dir, nom\u00e9s tindran dret a visualitzar i realitzar c\u00f2pies dels continguts per al seu \u00fas personal i exclusiu i hauran d\u2019aplicar aquests drets sobre la base dels principis de bona fe i la normativa vigent. Es prohibeix absolutament usar el Portal o qualsevol dels seus elements amb finalitats comercials o il\u00b7l\u00edcites.<\/p><p>La utilitzaci\u00f3 no autoritzada de la informaci\u00f3 continguda en aquest Portal, aix\u00ed com els perjudicis ocasionats en els drets de propietat intel\u00b7lectual, poden donar lloc a l&rsquo;exercici de les accions legals pertinents i, si escau, a les responsabilitats derivades d\u2019aquest exercici.<\/p><p><strong>Compromisos <\/strong><\/p><p>El Palau de Gel d&rsquo;Andorra es compromet a no realitzar publicitat enganyosa. En aquest sentit, no es consideraran publicitat enganyosa els errors formals o num\u00e8rics que es puguin trobar al contingut de les diferents seccions del Portal a causa del manteniment o de l&rsquo;actualitzaci\u00f3 incompleta o defectuosa de la informaci\u00f3 continguda en aquestes seccions del Portal. Com a conseq\u00fc\u00e8ncia del que s\u2019esmenta en aquest apartat, el Palau de Gel d&rsquo;Andorra es compromet a corregir aquesta situaci\u00f3 tan aviat com tingui const\u00e0ncia dels errors indicats.<\/p><p><strong>Acceptaci\u00f3<\/strong><\/p><p>L&rsquo;\u00fas del Portal implica l&rsquo;expressa i plena acceptaci\u00f3 d\u2019aquestes condicions generals i de totes i cadascuna de les disposicions incloses en aquest av\u00eds legal en la versi\u00f3 publicada en el moment en qu\u00e8 l&rsquo;usuari accedeix a aquest av\u00eds.<\/p><p>En conseq\u00fc\u00e8ncia, es recomana que l&rsquo;usuari llegeixi aquest av\u00eds legal cada vegada que accedeixi al Portal, at\u00e8s que es poden produir modificacions en les condicions generals, sense perjudici de les condicions particulars que es puguin aplicar a determinats serveis concrets del Portal.<\/p><p>Les presents condicions d\u2019acc\u00e9s i \u00fas queden subjectes a la legislaci\u00f3 andorrana i a la compet\u00e8ncia exclusiva dels tribunals andorrans.<\/p>\t\t\t\t\t<\/div>\n\t\t\t\t\t\t<\/div>\n\t\t\t\t<\/div>\n\t\t\t\t\t\t<\/div>\n\t\t\t\t\t<\/div>\n\t\t<\/div>\n\t\t\t\t\t\t\t\t<\/div>\n\t\t\t\t\t<\/div>\n\t\t<\/section>\n\t\t\t\t\t\t\t\t\t<\/div>\n\t\t\t<\/div>\n\t\t\t\t\t<\/div>\n\t\t","protected":false},"excerpt":{"rendered":"<p>AVIS JURIDIQUE Aquest av\u00eds legal recull les condicions generals que regulen l&rsquo;acc\u00e9s i l&rsquo;\u00fas del portal www.ponttibetacanillo.com, d\u2019ara endavant \u00abel Portal\u00bb, del qual \u00e9s titular i propietari el Palau de Gel d&rsquo;Andorra,\u00a0 L&rsquo;acc\u00e9s al Portal \u00e9s gratu\u00eft i la seva visualitzaci\u00f3 no requereix cap registre ni subscripci\u00f3 previs. A trav\u00e9s del Portal es facilita informaci\u00f3 [&hellip;]<\/p>\n","protected":false},"author":1,"featured_media":0,"parent":0,"menu_order":0,"comment_status":"closed","ping_status":"open","template":"","meta":{"inline_featured_image":false},"yoast_head":"<!-- This site is optimized with the Yoast SEO plugin v20.5 - https:\/\/yoast.com\/wordpress\/plugins\/seo\/ -->\n<title>AVIS JURIDIQUE - Pont Tibet\u00e0<\/title>\n<meta name=\"robots\" content=\"index, follow, max-snippet:-1, max-image-preview:large, max-video-preview:-1\" \/>\n<link rel=\"canonical\" href=\"https:\/\/www.ponttibetacanillo.com\/fr\/avis-juridique\/\" \/>\n<meta property=\"og:locale\" content=\"fr_FR\" \/>\n<meta property=\"og:type\" content=\"article\" \/>\n<meta property=\"og:title\" content=\"AVIS JURIDIQUE - Pont Tibet\u00e0\" \/>\n<meta property=\"og:description\" content=\"AVIS JURIDIQUE Aquest av\u00eds legal recull les condicions generals que regulen l&rsquo;acc\u00e9s i l&rsquo;\u00fas del portal www.ponttibetacanillo.com, d\u2019ara endavant \u00abel Portal\u00bb, del qual \u00e9s titular i propietari el Palau de Gel d&rsquo;Andorra,\u00a0 L&rsquo;acc\u00e9s al Portal \u00e9s gratu\u00eft i la seva visualitzaci\u00f3 no requereix cap registre ni subscripci\u00f3 previs. A trav\u00e9s del Portal es facilita informaci\u00f3 [&hellip;]\" \/>\n<meta property=\"og:url\" content=\"https:\/\/www.ponttibetacanillo.com\/fr\/avis-juridique\/\" \/>\n<meta property=\"og:site_name\" content=\"Pont Tibet\u00e0\" \/>\n<meta property=\"article:publisher\" content=\"https:\/\/www.facebook.com\/ponttibetacanillo\" \/>\n<meta property=\"article:modified_time\" content=\"2026-03-17T10:09:41+00:00\" \/>\n<meta name=\"twitter:card\" content=\"summary_large_image\" \/>\n<meta name=\"twitter:site\" content=\"@pontcanillo\" \/>\n<meta name=\"twitter:label1\" content=\"Dur\u00e9e de lecture estim\u00e9e\" \/>\n\t<meta name=\"twitter:data1\" content=\"6 minutes\" \/>\n<script type=\"application\/ld+json\" class=\"yoast-schema-graph\">{\"@context\":\"https:\/\/schema.org\",\"@graph\":[{\"@type\":\"WebPage\",\"@id\":\"https:\/\/www.ponttibetacanillo.com\/fr\/avis-juridique\/\",\"url\":\"https:\/\/www.ponttibetacanillo.com\/fr\/avis-juridique\/\",\"name\":\"AVIS JURIDIQUE - Pont Tibet\u00e0\",\"isPartOf\":{\"@id\":\"https:\/\/www.ponttibetacanillo.com\/fr\/#website\"},\"datePublished\":\"2022-05-16T15:07:23+00:00\",\"dateModified\":\"2026-03-17T10:09:41+00:00\",\"breadcrumb\":{\"@id\":\"https:\/\/www.ponttibetacanillo.com\/fr\/avis-juridique\/#breadcrumb\"},\"inLanguage\":\"fr-FR\",\"potentialAction\":[{\"@type\":\"ReadAction\",\"target\":[\"https:\/\/www.ponttibetacanillo.com\/fr\/avis-juridique\/\"]}]},{\"@type\":\"BreadcrumbList\",\"@id\":\"https:\/\/www.ponttibetacanillo.com\/fr\/avis-juridique\/#breadcrumb\",\"itemListElement\":[{\"@type\":\"ListItem\",\"position\":1,\"name\":\"Home\",\"item\":\"https:\/\/www.ponttibetacanillo.com\/fr\/\"},{\"@type\":\"ListItem\",\"position\":2,\"name\":\"AVIS JURIDIQUE\"}]},{\"@type\":\"WebSite\",\"@id\":\"https:\/\/www.ponttibetacanillo.com\/fr\/#website\",\"url\":\"https:\/\/www.ponttibetacanillo.com\/fr\/\",\"name\":\"Pont Tibet\u00e0\",\"description\":\"\",\"publisher\":{\"@id\":\"https:\/\/www.ponttibetacanillo.com\/fr\/#organization\"},\"potentialAction\":[{\"@type\":\"SearchAction\",\"target\":{\"@type\":\"EntryPoint\",\"urlTemplate\":\"https:\/\/www.ponttibetacanillo.com\/fr\/?s={search_term_string}\"},\"query-input\":\"required name=search_term_string\"}],\"inLanguage\":\"fr-FR\"},{\"@type\":\"Organization\",\"@id\":\"https:\/\/www.ponttibetacanillo.com\/fr\/#organization\",\"name\":\"Pont Tibet\u00e0 Canillo - Roc del Quer\",\"url\":\"https:\/\/www.ponttibetacanillo.com\/fr\/\",\"logo\":{\"@type\":\"ImageObject\",\"inLanguage\":\"fr-FR\",\"@id\":\"https:\/\/www.ponttibetacanillo.com\/fr\/#\/schema\/logo\/image\/\",\"url\":\"https:\/\/www.ponttibetacanillo.com\/wp-content\/uploads\/2022\/06\/cropped-Logotip_PTVR-2048x1408-1.png\",\"contentUrl\":\"https:\/\/www.ponttibetacanillo.com\/wp-content\/uploads\/2022\/06\/cropped-Logotip_PTVR-2048x1408-1.png\",\"width\":2048,\"height\":1408,\"caption\":\"Pont Tibet\u00e0 Canillo - Roc del Quer\"},\"image\":{\"@id\":\"https:\/\/www.ponttibetacanillo.com\/fr\/#\/schema\/logo\/image\/\"},\"sameAs\":[\"https:\/\/www.facebook.com\/ponttibetacanillo\",\"https:\/\/twitter.com\/pontcanillo\",\"https:\/\/www.instagram.com\/ponttibetacanillo\/\"]}]}<\/script>\n<!-- \/ Yoast SEO plugin. -->","yoast_head_json":{"title":"AVIS JURIDIQUE - Pont Tibet\u00e0","robots":{"index":"index","follow":"follow","max-snippet":"max-snippet:-1","max-image-preview":"max-image-preview:large","max-video-preview":"max-video-preview:-1"},"canonical":"https:\/\/www.ponttibetacanillo.com\/fr\/avis-juridique\/","og_locale":"fr_FR","og_type":"article","og_title":"AVIS JURIDIQUE - Pont Tibet\u00e0","og_description":"AVIS JURIDIQUE Aquest av\u00eds legal recull les condicions generals que regulen l&rsquo;acc\u00e9s i l&rsquo;\u00fas del portal www.ponttibetacanillo.com, d\u2019ara endavant \u00abel Portal\u00bb, del qual \u00e9s titular i propietari el Palau de Gel d&rsquo;Andorra,\u00a0 L&rsquo;acc\u00e9s al Portal \u00e9s gratu\u00eft i la seva visualitzaci\u00f3 no requereix cap registre ni subscripci\u00f3 previs. A trav\u00e9s del Portal es facilita informaci\u00f3 [&hellip;]","og_url":"https:\/\/www.ponttibetacanillo.com\/fr\/avis-juridique\/","og_site_name":"Pont Tibet\u00e0","article_publisher":"https:\/\/www.facebook.com\/ponttibetacanillo","article_modified_time":"2026-03-17T10:09:41+00:00","twitter_card":"summary_large_image","twitter_site":"@pontcanillo","twitter_misc":{"Dur\u00e9e de lecture estim\u00e9e":"6 minutes"},"schema":{"@context":"https:\/\/schema.org","@graph":[{"@type":"WebPage","@id":"https:\/\/www.ponttibetacanillo.com\/fr\/avis-juridique\/","url":"https:\/\/www.ponttibetacanillo.com\/fr\/avis-juridique\/","name":"AVIS JURIDIQUE - Pont Tibet\u00e0","isPartOf":{"@id":"https:\/\/www.ponttibetacanillo.com\/fr\/#website"},"datePublished":"2022-05-16T15:07:23+00:00","dateModified":"2026-03-17T10:09:41+00:00","breadcrumb":{"@id":"https:\/\/www.ponttibetacanillo.com\/fr\/avis-juridique\/#breadcrumb"},"inLanguage":"fr-FR","potentialAction":[{"@type":"ReadAction","target":["https:\/\/www.ponttibetacanillo.com\/fr\/avis-juridique\/"]}]},{"@type":"BreadcrumbList","@id":"https:\/\/www.ponttibetacanillo.com\/fr\/avis-juridique\/#breadcrumb","itemListElement":[{"@type":"ListItem","position":1,"name":"Home","item":"https:\/\/www.ponttibetacanillo.com\/fr\/"},{"@type":"ListItem","position":2,"name":"AVIS JURIDIQUE"}]},{"@type":"WebSite","@id":"https:\/\/www.ponttibetacanillo.com\/fr\/#website","url":"https:\/\/www.ponttibetacanillo.com\/fr\/","name":"Pont Tibet\u00e0","description":"","publisher":{"@id":"https:\/\/www.ponttibetacanillo.com\/fr\/#organization"},"potentialAction":[{"@type":"SearchAction","target":{"@type":"EntryPoint","urlTemplate":"https:\/\/www.ponttibetacanillo.com\/fr\/?s={search_term_string}"},"query-input":"required name=search_term_string"}],"inLanguage":"fr-FR"},{"@type":"Organization","@id":"https:\/\/www.ponttibetacanillo.com\/fr\/#organization","name":"Pont Tibet\u00e0 Canillo - Roc del Quer","url":"https:\/\/www.ponttibetacanillo.com\/fr\/","logo":{"@type":"ImageObject","inLanguage":"fr-FR","@id":"https:\/\/www.ponttibetacanillo.com\/fr\/#\/schema\/logo\/image\/","url":"https:\/\/www.ponttibetacanillo.com\/wp-content\/uploads\/2022\/06\/cropped-Logotip_PTVR-2048x1408-1.png","contentUrl":"https:\/\/www.ponttibetacanillo.com\/wp-content\/uploads\/2022\/06\/cropped-Logotip_PTVR-2048x1408-1.png","width":2048,"height":1408,"caption":"Pont Tibet\u00e0 Canillo - Roc del Quer"},"image":{"@id":"https:\/\/www.ponttibetacanillo.com\/fr\/#\/schema\/logo\/image\/"},"sameAs":["https:\/\/www.facebook.com\/ponttibetacanillo","https:\/\/twitter.com\/pontcanillo","https:\/\/www.instagram.com\/ponttibetacanillo\/"]}]}},"_links":{"self":[{"href":"https:\/\/www.ponttibetacanillo.com\/fr\/wp-json\/wp\/v2\/pages\/17582"}],"collection":[{"href":"https:\/\/www.ponttibetacanillo.com\/fr\/wp-json\/wp\/v2\/pages"}],"about":[{"href":"https:\/\/www.ponttibetacanillo.com\/fr\/wp-json\/wp\/v2\/types\/page"}],"author":[{"embeddable":true,"href":"https:\/\/www.ponttibetacanillo.com\/fr\/wp-json\/wp\/v2\/users\/1"}],"replies":[{"embeddable":true,"href":"https:\/\/www.ponttibetacanillo.com\/fr\/wp-json\/wp\/v2\/comments?post=17582"}],"version-history":[{"count":10,"href":"https:\/\/www.ponttibetacanillo.com\/fr\/wp-json\/wp\/v2\/pages\/17582\/revisions"}],"predecessor-version":[{"id":20640,"href":"https:\/\/www.ponttibetacanillo.com\/fr\/wp-json\/wp\/v2\/pages\/17582\/revisions\/20640"}],"wp:attachment":[{"href":"https:\/\/www.ponttibetacanillo.com\/fr\/wp-json\/wp\/v2\/media?parent=17582"}],"curies":[{"name":"wp","href":"https:\/\/api.w.org\/{rel}","templated":true}]}}