{"id":17860,"date":"2022-06-08T12:46:53","date_gmt":"2022-06-08T12:46:53","guid":{"rendered":"https:\/\/www.ponttibetacanillo.com\/cookies\/"},"modified":"2023-12-05T16:07:52","modified_gmt":"2023-12-05T16:07:52","slug":"politica-cookies","status":"publish","type":"page","link":"https:\/\/www.ponttibetacanillo.com\/es\/politica-cookies\/","title":{"rendered":"POLITICA DE COOKIES"},"content":{"rendered":"\t\t<div data-elementor-type=\"wp-page\" data-elementor-id=\"17860\" class=\"elementor elementor-17860 elementor-16878\">\n\t\t\t\t\t\t<div class=\"elementor-inner\">\n\t\t\t\t<div class=\"elementor-section-wrap\">\n\t\t\t\t\t\t\t\t\t<section class=\"elementor-section elementor-top-section elementor-element elementor-element-2cfc5d5d elementor-section-boxed elementor-section-height-default elementor-section-height-default\" data-id=\"2cfc5d5d\" data-element_type=\"section\">\n\t\t\t\t\t\t<div class=\"elementor-container elementor-column-gap-default\">\n\t\t\t\t\t\t\t<div class=\"elementor-row\">\n\t\t\t\t\t<div class=\"elementor-column elementor-col-100 elementor-top-column elementor-element elementor-element-4aa5b4bc\" data-id=\"4aa5b4bc\" data-element_type=\"column\">\n\t\t\t<div class=\"elementor-column-wrap elementor-element-populated\">\n\t\t\t\t\t\t\t<div class=\"elementor-widget-wrap\">\n\t\t\t\t\t\t<div class=\"elementor-element elementor-element-259193d7 elementor-widget elementor-widget-text-editor\" data-id=\"259193d7\" data-element_type=\"widget\" data-widget_type=\"text-editor.default\">\n\t\t\t\t<div class=\"elementor-widget-container\">\n\t\t\t<style>\/*! elementor - v3.12.1 - 02-04-2023 *\/\n.elementor-widget-text-editor.elementor-drop-cap-view-stacked .elementor-drop-cap{background-color:#69727d;color:#fff}.elementor-widget-text-editor.elementor-drop-cap-view-framed .elementor-drop-cap{color:#69727d;border:3px solid;background-color:transparent}.elementor-widget-text-editor:not(.elementor-drop-cap-view-default) .elementor-drop-cap{margin-top:8px}.elementor-widget-text-editor:not(.elementor-drop-cap-view-default) .elementor-drop-cap-letter{width:1em;height:1em}.elementor-widget-text-editor .elementor-drop-cap{float:left;text-align:center;line-height:1;font-size:50px}.elementor-widget-text-editor .elementor-drop-cap-letter{display:inline-block}<\/style>\t\t\t\t\t<div class=\"elementor-text-editor elementor-clearfix\">\n\t\t\t\t<div class=\"page\" title=\"Page 1\"><div class=\"layoutArea\"><div class=\"column\"><div class=\"page\" title=\"Page 1\"><div class=\"layoutArea\"><div class=\"column\"><p><strong>POLITICA DE COOKIES <\/strong>Para el correcto funcionamiento de www.ponttibetacanillo.com, utilizamos cookies de navegaci\u00f3n en tu dispositivo. Una cookie es un peque\u00f1o archivo de texto que el sitio web deposita en tu ordenador o m\u00f3vil durante un per\u00edodo de tiempo determinado. \u00c9sta recuerda que nos has visitado \u00faltimamente y no repite el mensaje de consentimiento cada vez que navegas de p\u00e1gina en p\u00e1gina. La cookie permite que el sitio web reconozca c\u00f3mo has navegado, qu\u00e9 contenido te ha interesado o qu\u00e9 preferencias has mostrado en tu visita, como el inicio de sesi\u00f3n o el idioma de navegaci\u00f3n, entre otros. Las cookies no recogen en ning\u00fan caso datos de car\u00e1cter personal, son totalmente an\u00f3nimos y los datos que ponttibetacanillo.com obtiene a trav\u00e9s de Google Analytics tienen la direcci\u00f3n IP encriptada. Estos datos nos permiten recibir informaci\u00f3n sobre nuestros usuarios, que despu\u00e9s podemos utilizar para poder crear una mejor experiencia de navegaci\u00f3n y mejorar las funcionalidades del sitio web. El consentimiento se considera otorgado cuando lo aceptas expl\u00edcitamente o si el navegador est\u00e1 configurado para aceptar el uso de las cookies. Esto tambi\u00e9n se aplica si el navegador est\u00e1 predefinido para esta aceptaci\u00f3n. Como usuario, siempre puedes configurar el navegador para que informe de la presencia de cookies o bien puedes configurarlo manualmente para que no las admita, puesto que esta acci\u00f3n no impedir\u00e1 que puedas acceder a la informaci\u00f3n del sitio web.<\/p><\/div><\/div><\/div><\/div><\/div><\/div>\t\t\t\t\t<\/div>\n\t\t\t\t\t\t<\/div>\n\t\t\t\t<\/div>\n\t\t\t\t\t\t<\/div>\n\t\t\t\t\t<\/div>\n\t\t<\/div>\n\t\t\t\t\t\t\t\t<\/div>\n\t\t\t\t\t<\/div>\n\t\t<\/section>\n\t\t\t\t<section class=\"elementor-section elementor-top-section elementor-element elementor-element-f3d2761 elementor-section-boxed elementor-section-height-default elementor-section-height-default\" data-id=\"f3d2761\" data-element_type=\"section\">\n\t\t\t\t\t\t<div class=\"elementor-container elementor-column-gap-default\">\n\t\t\t\t\t\t\t<div class=\"elementor-row\">\n\t\t\t\t\t<div class=\"elementor-column elementor-col-100 elementor-top-column elementor-element elementor-element-096082a\" data-id=\"096082a\" data-element_type=\"column\">\n\t\t\t<div class=\"elementor-column-wrap elementor-element-populated\">\n\t\t\t\t\t\t\t<div class=\"elementor-widget-wrap\">\n\t\t\t\t\t\t<div class=\"elementor-element elementor-element-742a878 elementor-widget elementor-widget-text-editor\" data-id=\"742a878\" data-element_type=\"widget\" data-widget_type=\"text-editor.default\">\n\t\t\t\t<div class=\"elementor-widget-container\">\n\t\t\t\t\t\t\t\t<div class=\"elementor-text-editor elementor-clearfix\">\n\t\t\t\tLas cookies son peque\u00f1os archivos de texto que los sitios web pueden utilizar para que el usuario pueda hacer un uso m\u00e1s eficiente.\n\nLa ley establece que podemos almacenar cookies en su dispositivo si son estrictamente necesarias para el funcionamiento de este sitio. Para todos los otros tipos de cookies necesitamos su permiso.\n\nEste sitio web utiliza distintos tipos de cookies. En alguna ocasi\u00f3n, las cookies que aparecen en nuestras p\u00e1ginas proceden de servicios de terceros.\n\nEn cualquier momento, podr\u00e1 cambiar o retirar su consentimiento de la Declaraci\u00f3n sobre uso de cookies en nuestro sitio web.\n\nPuede obtener m\u00e1s informaci\u00f3n sobre nosotros, sobre c\u00f3mo contactarnos y sobre nuestra forma de procesar datos personales en nuestra Pol\u00edtica de privacidad.\n\nPor favor, en el momento de contactar con nosotros en relaci\u00f3n a su consentimiento, haga constar su identificaci\u00f3n y fecha.\n\n&nbsp;\n<script id=\"CookieDeclaration\" src=\"https:\/\/consent.cookiebot.com\/b9f48f11-16cb-464c-aeab-3b4c65e2348b\/cd.js\" type=\"text\/javascript\" async><\/script>\t\t\t\t\t<\/div>\n\t\t\t\t\t\t<\/div>\n\t\t\t\t<\/div>\n\t\t\t\t\t\t<\/div>\n\t\t\t\t\t<\/div>\n\t\t<\/div>\n\t\t\t\t\t\t\t\t<\/div>\n\t\t\t\t\t<\/div>\n\t\t<\/section>\n\t\t\t\t\t\t\t\t\t<\/div>\n\t\t\t<\/div>\n\t\t\t\t\t<\/div>\n\t\t","protected":false},"excerpt":{"rendered":"<p>POLITICA DE COOKIES Para el correcto funcionamiento de www.ponttibetacanillo.com, utilizamos cookies de navegaci\u00f3n en tu dispositivo. Una cookie es un peque\u00f1o archivo de texto que el sitio web deposita en tu ordenador o m\u00f3vil durante un per\u00edodo de tiempo determinado. \u00c9sta recuerda que nos has visitado \u00faltimamente y no repite el mensaje de consentimiento cada [&hellip;]<\/p>\n","protected":false},"author":2,"featured_media":0,"parent":0,"menu_order":0,"comment_status":"closed","ping_status":"open","template":"","meta":{"inline_featured_image":false},"yoast_head":"<!-- This site is optimized with the Yoast SEO plugin v20.5 - https:\/\/yoast.com\/wordpress\/plugins\/seo\/ -->\n<title>POLITICA DE COOKIES - Pont Tibet\u00e0<\/title>\n<meta name=\"robots\" content=\"index, follow, max-snippet:-1, max-image-preview:large, max-video-preview:-1\" \/>\n<link rel=\"canonical\" href=\"https:\/\/www.ponttibetacanillo.com\/es\/politica-cookies\/\" \/>\n<meta property=\"og:locale\" content=\"es_ES\" \/>\n<meta property=\"og:type\" content=\"article\" \/>\n<meta property=\"og:title\" content=\"POLITICA DE COOKIES - Pont Tibet\u00e0\" \/>\n<meta property=\"og:description\" content=\"POLITICA DE COOKIES Para el correcto funcionamiento de www.ponttibetacanillo.com, utilizamos cookies de navegaci\u00f3n en tu dispositivo. Una cookie es un peque\u00f1o archivo de texto que el sitio web deposita en tu ordenador o m\u00f3vil durante un per\u00edodo de tiempo determinado. \u00c9sta recuerda que nos has visitado \u00faltimamente y no repite el mensaje de consentimiento cada [&hellip;]\" \/>\n<meta property=\"og:url\" content=\"https:\/\/www.ponttibetacanillo.com\/es\/politica-cookies\/\" \/>\n<meta property=\"og:site_name\" content=\"Pont Tibet\u00e0\" \/>\n<meta property=\"article:publisher\" content=\"https:\/\/www.facebook.com\/ponttibetacanillo\" \/>\n<meta property=\"article:modified_time\" content=\"2023-12-05T16:07:52+00:00\" \/>\n<meta name=\"twitter:card\" content=\"summary_large_image\" \/>\n<meta name=\"twitter:site\" content=\"@pontcanillo\" \/>\n<meta name=\"twitter:label1\" content=\"Tiempo de lectura\" \/>\n\t<meta name=\"twitter:data1\" content=\"2 minutos\" \/>\n<script type=\"application\/ld+json\" class=\"yoast-schema-graph\">{\"@context\":\"https:\/\/schema.org\",\"@graph\":[{\"@type\":\"WebPage\",\"@id\":\"https:\/\/www.ponttibetacanillo.com\/es\/politica-cookies\/\",\"url\":\"https:\/\/www.ponttibetacanillo.com\/es\/politica-cookies\/\",\"name\":\"POLITICA DE COOKIES - Pont Tibet\u00e0\",\"isPartOf\":{\"@id\":\"https:\/\/www.ponttibetacanillo.com\/es\/#website\"},\"datePublished\":\"2022-06-08T12:46:53+00:00\",\"dateModified\":\"2023-12-05T16:07:52+00:00\",\"breadcrumb\":{\"@id\":\"https:\/\/www.ponttibetacanillo.com\/es\/politica-cookies\/#breadcrumb\"},\"inLanguage\":\"es\",\"potentialAction\":[{\"@type\":\"ReadAction\",\"target\":[\"https:\/\/www.ponttibetacanillo.com\/es\/politica-cookies\/\"]}]},{\"@type\":\"BreadcrumbList\",\"@id\":\"https:\/\/www.ponttibetacanillo.com\/es\/politica-cookies\/#breadcrumb\",\"itemListElement\":[{\"@type\":\"ListItem\",\"position\":1,\"name\":\"Home\",\"item\":\"https:\/\/www.ponttibetacanillo.com\/es\/\"},{\"@type\":\"ListItem\",\"position\":2,\"name\":\"POLITICA DE COOKIES\"}]},{\"@type\":\"WebSite\",\"@id\":\"https:\/\/www.ponttibetacanillo.com\/es\/#website\",\"url\":\"https:\/\/www.ponttibetacanillo.com\/es\/\",\"name\":\"Pont Tibet\u00e0\",\"description\":\"\",\"publisher\":{\"@id\":\"https:\/\/www.ponttibetacanillo.com\/es\/#organization\"},\"potentialAction\":[{\"@type\":\"SearchAction\",\"target\":{\"@type\":\"EntryPoint\",\"urlTemplate\":\"https:\/\/www.ponttibetacanillo.com\/es\/?s={search_term_string}\"},\"query-input\":\"required name=search_term_string\"}],\"inLanguage\":\"es\"},{\"@type\":\"Organization\",\"@id\":\"https:\/\/www.ponttibetacanillo.com\/es\/#organization\",\"name\":\"Pont Tibet\u00e0 Canillo - Roc del Quer\",\"url\":\"https:\/\/www.ponttibetacanillo.com\/es\/\",\"logo\":{\"@type\":\"ImageObject\",\"inLanguage\":\"es\",\"@id\":\"https:\/\/www.ponttibetacanillo.com\/es\/#\/schema\/logo\/image\/\",\"url\":\"https:\/\/www.ponttibetacanillo.com\/wp-content\/uploads\/2022\/06\/cropped-Logotip_PTVR-2048x1408-1.png\",\"contentUrl\":\"https:\/\/www.ponttibetacanillo.com\/wp-content\/uploads\/2022\/06\/cropped-Logotip_PTVR-2048x1408-1.png\",\"width\":2048,\"height\":1408,\"caption\":\"Pont Tibet\u00e0 Canillo - Roc del Quer\"},\"image\":{\"@id\":\"https:\/\/www.ponttibetacanillo.com\/es\/#\/schema\/logo\/image\/\"},\"sameAs\":[\"https:\/\/www.facebook.com\/ponttibetacanillo\",\"https:\/\/twitter.com\/pontcanillo\",\"https:\/\/www.instagram.com\/ponttibetacanillo\/\"]}]}<\/script>\n<!-- \/ Yoast SEO plugin. -->","yoast_head_json":{"title":"POLITICA DE COOKIES - Pont Tibet\u00e0","robots":{"index":"index","follow":"follow","max-snippet":"max-snippet:-1","max-image-preview":"max-image-preview:large","max-video-preview":"max-video-preview:-1"},"canonical":"https:\/\/www.ponttibetacanillo.com\/es\/politica-cookies\/","og_locale":"es_ES","og_type":"article","og_title":"POLITICA DE COOKIES - Pont Tibet\u00e0","og_description":"POLITICA DE COOKIES Para el correcto funcionamiento de www.ponttibetacanillo.com, utilizamos cookies de navegaci\u00f3n en tu dispositivo. Una cookie es un peque\u00f1o archivo de texto que el sitio web deposita en tu ordenador o m\u00f3vil durante un per\u00edodo de tiempo determinado. \u00c9sta recuerda que nos has visitado \u00faltimamente y no repite el mensaje de consentimiento cada [&hellip;]","og_url":"https:\/\/www.ponttibetacanillo.com\/es\/politica-cookies\/","og_site_name":"Pont Tibet\u00e0","article_publisher":"https:\/\/www.facebook.com\/ponttibetacanillo","article_modified_time":"2023-12-05T16:07:52+00:00","twitter_card":"summary_large_image","twitter_site":"@pontcanillo","twitter_misc":{"Tiempo de lectura":"2 minutos"},"schema":{"@context":"https:\/\/schema.org","@graph":[{"@type":"WebPage","@id":"https:\/\/www.ponttibetacanillo.com\/es\/politica-cookies\/","url":"https:\/\/www.ponttibetacanillo.com\/es\/politica-cookies\/","name":"POLITICA DE COOKIES - Pont Tibet\u00e0","isPartOf":{"@id":"https:\/\/www.ponttibetacanillo.com\/es\/#website"},"datePublished":"2022-06-08T12:46:53+00:00","dateModified":"2023-12-05T16:07:52+00:00","breadcrumb":{"@id":"https:\/\/www.ponttibetacanillo.com\/es\/politica-cookies\/#breadcrumb"},"inLanguage":"es","potentialAction":[{"@type":"ReadAction","target":["https:\/\/www.ponttibetacanillo.com\/es\/politica-cookies\/"]}]},{"@type":"BreadcrumbList","@id":"https:\/\/www.ponttibetacanillo.com\/es\/politica-cookies\/#breadcrumb","itemListElement":[{"@type":"ListItem","position":1,"name":"Home","item":"https:\/\/www.ponttibetacanillo.com\/es\/"},{"@type":"ListItem","position":2,"name":"POLITICA DE COOKIES"}]},{"@type":"WebSite","@id":"https:\/\/www.ponttibetacanillo.com\/es\/#website","url":"https:\/\/www.ponttibetacanillo.com\/es\/","name":"Pont Tibet\u00e0","description":"","publisher":{"@id":"https:\/\/www.ponttibetacanillo.com\/es\/#organization"},"potentialAction":[{"@type":"SearchAction","target":{"@type":"EntryPoint","urlTemplate":"https:\/\/www.ponttibetacanillo.com\/es\/?s={search_term_string}"},"query-input":"required name=search_term_string"}],"inLanguage":"es"},{"@type":"Organization","@id":"https:\/\/www.ponttibetacanillo.com\/es\/#organization","name":"Pont Tibet\u00e0 Canillo - Roc del Quer","url":"https:\/\/www.ponttibetacanillo.com\/es\/","logo":{"@type":"ImageObject","inLanguage":"es","@id":"https:\/\/www.ponttibetacanillo.com\/es\/#\/schema\/logo\/image\/","url":"https:\/\/www.ponttibetacanillo.com\/wp-content\/uploads\/2022\/06\/cropped-Logotip_PTVR-2048x1408-1.png","contentUrl":"https:\/\/www.ponttibetacanillo.com\/wp-content\/uploads\/2022\/06\/cropped-Logotip_PTVR-2048x1408-1.png","width":2048,"height":1408,"caption":"Pont Tibet\u00e0 Canillo - Roc del Quer"},"image":{"@id":"https:\/\/www.ponttibetacanillo.com\/es\/#\/schema\/logo\/image\/"},"sameAs":["https:\/\/www.facebook.com\/ponttibetacanillo","https:\/\/twitter.com\/pontcanillo","https:\/\/www.instagram.com\/ponttibetacanillo\/"]}]}},"_links":{"self":[{"href":"https:\/\/www.ponttibetacanillo.com\/es\/wp-json\/wp\/v2\/pages\/17860"}],"collection":[{"href":"https:\/\/www.ponttibetacanillo.com\/es\/wp-json\/wp\/v2\/pages"}],"about":[{"href":"https:\/\/www.ponttibetacanillo.com\/es\/wp-json\/wp\/v2\/types\/page"}],"author":[{"embeddable":true,"href":"https:\/\/www.ponttibetacanillo.com\/es\/wp-json\/wp\/v2\/users\/2"}],"replies":[{"embeddable":true,"href":"https:\/\/www.ponttibetacanillo.com\/es\/wp-json\/wp\/v2\/comments?post=17860"}],"version-history":[{"count":7,"href":"https:\/\/www.ponttibetacanillo.com\/es\/wp-json\/wp\/v2\/pages\/17860\/revisions"}],"predecessor-version":[{"id":18984,"href":"https:\/\/www.ponttibetacanillo.com\/es\/wp-json\/wp\/v2\/pages\/17860\/revisions\/18984"}],"wp:attachment":[{"href":"https:\/\/www.ponttibetacanillo.com\/es\/wp-json\/wp\/v2\/media?parent=17860"}],"curies":[{"name":"wp","href":"https:\/\/api.w.org\/{rel}","templated":true}]}}