{"id":17855,"date":"2022-06-08T12:43:34","date_gmt":"2022-06-08T12:43:34","guid":{"rendered":"https:\/\/www.ponttibetacanillo.com\/politica-privacitat\/"},"modified":"2026-03-17T09:42:56","modified_gmt":"2026-03-17T09:42:56","slug":"politica-privacidad","status":"publish","type":"page","link":"https:\/\/www.ponttibetacanillo.com\/es\/politica-privacidad\/","title":{"rendered":"POL\u00cdTICA DE PRIVACIDAD"},"content":{"rendered":"\t\t<div data-elementor-type=\"wp-page\" data-elementor-id=\"17855\" class=\"elementor elementor-17855 elementor-16870\">\n\t\t\t\t\t\t<div class=\"elementor-inner\">\n\t\t\t\t<div class=\"elementor-section-wrap\">\n\t\t\t\t\t\t\t\t\t<section class=\"elementor-section elementor-top-section elementor-element elementor-element-2cfc5d5d elementor-section-boxed elementor-section-height-default elementor-section-height-default\" data-id=\"2cfc5d5d\" data-element_type=\"section\">\n\t\t\t\t\t\t<div class=\"elementor-container elementor-column-gap-default\">\n\t\t\t\t\t\t\t<div class=\"elementor-row\">\n\t\t\t\t\t<div class=\"elementor-column elementor-col-100 elementor-top-column elementor-element elementor-element-4aa5b4bc\" data-id=\"4aa5b4bc\" data-element_type=\"column\">\n\t\t\t<div class=\"elementor-column-wrap elementor-element-populated\">\n\t\t\t\t\t\t\t<div class=\"elementor-widget-wrap\">\n\t\t\t\t\t\t<div class=\"elementor-element elementor-element-259193d7 elementor-widget elementor-widget-text-editor\" data-id=\"259193d7\" data-element_type=\"widget\" data-widget_type=\"text-editor.default\">\n\t\t\t\t<div class=\"elementor-widget-container\">\n\t\t\t<style>\/*! elementor - v3.12.1 - 02-04-2023 *\/\n.elementor-widget-text-editor.elementor-drop-cap-view-stacked .elementor-drop-cap{background-color:#69727d;color:#fff}.elementor-widget-text-editor.elementor-drop-cap-view-framed .elementor-drop-cap{color:#69727d;border:3px solid;background-color:transparent}.elementor-widget-text-editor:not(.elementor-drop-cap-view-default) .elementor-drop-cap{margin-top:8px}.elementor-widget-text-editor:not(.elementor-drop-cap-view-default) .elementor-drop-cap-letter{width:1em;height:1em}.elementor-widget-text-editor .elementor-drop-cap{float:left;text-align:center;line-height:1;font-size:50px}.elementor-widget-text-editor .elementor-drop-cap-letter{display:inline-block}<\/style>\t\t\t\t\t<div class=\"elementor-text-editor elementor-clearfix\">\n\t\t\t\t<div class=\"page\" title=\"Page 1\"><div class=\"layoutArea\"><div class=\"column\"><div class=\"page\" title=\"Page 1\"><div class=\"layoutArea\"><div class=\"column\"><p><strong>POLITICA DE PRIVACIDAD<\/strong><\/p><p>Este espacio est\u00e1 dedicado a la informaci\u00f3n sobre el tratamiento que realizamos de tus datos personales.<\/p><p>El responsable del tratamiento de los datos personales: <br \/>Palau de Gel d&#8217;Andorra<\/p><p>De conformidad con la legislaci\u00f3n vigente, los datos que nos facilites pasar\u00e1n a formar parte del fichero responsabilidad del Palau de Gel d&#8217;Andorra, registrado en la Agencia de Protecci\u00f3n de Datos del Principado de Andorra.<\/p><p><strong>La informaci\u00f3n que recopilamos:<\/strong><\/p><p>Palau de Gel d&#8217;Andorra puede recopilar la siguiente informaci\u00f3n personal de los usuarios del sitio web www.ponttibetacanillo.com o mediante Facebook, Instagram, Twitter y YouTube al completar los formularios correspondientes: nombre y apellidos, direcci\u00f3n electr\u00f3nica, c\u00f3digo postal, pa\u00eds de residencia, n\u00famero de tel\u00e9fono, fecha de nacimiento, y tarjeta de cr\u00e9dito.<\/p><p>Cuando visitas el sitio web www.ponttibetacanillo.com o las p\u00e1ginas oficiales de Facebook, Instagram, Twitter y YouTube, y te registras para comprar entradas online o participas en promociones, encuestas y concursos, o te inscribes para recibir boletines de informaci\u00f3n del Palau de Gel d&#8217;Andorra, te pedimos tus datos, que se consideran imprescindibles para poder comprar, participar o recibir las comunicaciones, por los siguientes motivos:<\/p><ul><li>El nombre y la direcci\u00f3n de correo electr\u00f3nico para identificarte en todas las comunicaciones<\/li><li>El n\u00famero de tarjeta de cr\u00e9dito para poder proceder a la compraventa de entradas<\/li><li>El n\u00famero de tel\u00e9fono para poder contactar contigo para cualquier incidencia relacionada con la compraventa de entradas<\/li><li>El c\u00f3digo postal y el pa\u00eds de residencia para poder realizar comunicaciones de acciones espec\u00edficas en funci\u00f3n de tu sitio de residencia<\/li><li>La fecha de nacimiento por tener la certeza de que eres mayor de edad, por felicitarte por tu cumplea\u00f1os y por ofrecerte promociones personalizadas<\/li><\/ul><p>Los datos, que tratamos de acuerdo con la normativa vigente (Ley 29\/2021, de 28 de octubre, calificada de protecci\u00f3n de datos personales) y siempre velamos por su protecci\u00f3n, se utilizar\u00e1n \u00fanicamente con la finalidad prevista, as\u00ed como para comunicar cualquier informaci\u00f3n relacionada. La veracidad y actualizaci\u00f3n de los datos facilitados es tu responsabilidad.<\/p><p><strong>La finalidad para que se traten los datos:<\/strong><\/p><p>Tus datos personales se tratan con las siguientes finalidades, seg\u00fan corresponda:<\/p><ul><li>Gestionar y desarrollar la compraventa online de entradas. Utilizamos tu informaci\u00f3n personal para procesar la compra y comunicarte por correo electr\u00f3nico o por tel\u00e9fono cualquier informaci\u00f3n relacionada que pueda ser de tu inter\u00e9s, as\u00ed como gestionar y emitir documentos acreditativos de la compraventa de entradas y de cualquier comunicaci\u00f3n relacionada.<\/li><li>Gestionar y enviarte por correo electr\u00f3nico informaci\u00f3n para participar en promociones, encuestas, concursos o para recibir boletines de informaci\u00f3n del Palau de Gel d&#8217;Andorra relativos a toda la oferta tur\u00edstica de la Parroquia de Canillo, as\u00ed como las novedades y eventos m\u00e1s recientes, con comunicaciones personalizadas adaptadas a tu perfil, intereses y necesidades. El env\u00edo de esta informaci\u00f3n supone la elaboraci\u00f3n de perfiles de usuarios, que consiste en utilizar los datos personales que nos facilitas y la informaci\u00f3n de navegaci\u00f3n por el sitio web www.ponttibetacanillo.com, Facebook, Instagram, YouTube y Twitter para evaluar ciertos aspectos relacionados con tus preferencias personales, con el objetivo de ofrecerte las comunicaciones comerciales adecuadas a tu perfil.<\/li><li>Responder al ejercicio de los derechos de todos los usuarios, as\u00ed como a consultas y reclamaciones.<\/li><\/ul><p><strong>Pol\u00edtica de cookies<\/strong><\/p><p>Para que www.ponttibetacanillo.com funcione correctamente, utilizamos cookies de navegaci\u00f3n en tu dispositivo. Una cookie es un peque\u00f1o archivo de texto que el sitio web deposita en tu ordenador o m\u00f3vil durante un per\u00edodo de tiempo determinado. \u00c9sta recuerda que nos has visitado \u00faltimamente y no repite el mensaje de consentimiento cada vez que navegas de p\u00e1gina en p\u00e1gina.<\/p><p>La cookie permite que el sitio web reconozca c\u00f3mo has navegado, qu\u00e9 contenido te ha interesado o qu\u00e9 preferencias has mostrado en tu visita, como el inicio de sesi\u00f3n o el idioma de navegaci\u00f3n, entre otros.<\/p><p>Las cookies en ning\u00fan caso recogen datos de car\u00e1cter personal, son totalmente an\u00f3nimas y los datos que www.ponttibetacanillo.com obtiene a trav\u00e9s de Google Analytics tienen la direcci\u00f3n IP encriptada. Estos datos nos permiten recibir informaci\u00f3n sobre nuestros usuarios, que despu\u00e9s podemos utilizar para poder crear una mejor experiencia de navegaci\u00f3n y mejorar las funciones del sitio web.<\/p><p>El consentimiento se considera otorgado cuando lo aceptas expl\u00edcitamente o si el navegador est\u00e1 configurado para aceptar el uso de las cookies. Esto tambi\u00e9n se aplica si el navegador est\u00e1 predefinido para esta aceptaci\u00f3n. Como usuario, siempre puedes configurar tu navegador para que te informe de la presencia de cookies o puedes configurarlo manualmente para que no las admita, ya que esta acci\u00f3n no impedir\u00e1 que puedas acceder a la informaci\u00f3n del sitio web.<\/p><p><strong>El tiempo que se guardan los datos:<\/strong><\/p><p>Palau de Gel d&#8217;Andorra conservar\u00e1 tus datos personales durante el per\u00edodo de tiempo que sea razonablemente necesario teniendo en cuenta las finalidades para las que se han facilitado, las necesidades de dar respuesta a consultas que se planteen o resolver incidencias en relaci\u00f3n con la compraventa de entradas, la realizaci\u00f3n de mejoras y el cumplimiento de los requisitos que exija la legislaci\u00f3n vigente.<\/p><p><strong>El motivo por el que podemos tratar tus datos:<\/strong><\/p><p>El Palau de Gel d&#8217;Andorra puede tratar tus datos personales:<\/p><p>Por un lado, de acuerdo con la ejecuci\u00f3n del contrato de compraventa de entradas, puesto que, como usuario, est\u00e1s obligado a facilitar los datos que sean necesarios para su ejecuci\u00f3n. En caso de no hacerlo, no se podr\u00e1 realizar la compraventa, ya que los datos tambi\u00e9n son necesarios para gestionar y emitir la factura de compra.<\/p><p>Por otro lado, seg\u00fan el consentimiento que has prestado a la hora de recopilar sus datos personales mediante cualquiera de los formularios.<\/p><p><strong>Cesi\u00f3n de los datos personales:<\/strong><\/p><p>El Palau de Gel d&#8217;Andorra no puede ceder ni comunicar a terceros tus datos personales ni los de ning\u00fan otro usuario, salvo en los siguientes casos:<\/p><ul><li>A administraciones y organismos p\u00fablicos, cuando as\u00ed lo exija la legislaci\u00f3n vigente.<\/li><li>A empresas encargadas del tratamiento de datos que presten servicios por cuenta del Palau de Gel d&#8217;Andorra y bajo su control. En cualquier caso, los terceros con los que se compartan determinados datos de car\u00e1cter personal tendr\u00e1n que haber acreditado previamente la adopci\u00f3n de medidas t\u00e9cnicas y organizativas adecuadas para su correcta protecci\u00f3n y no podr\u00e1n, en ning\u00fan caso, utilizar los datos a los que tengan acceso para fines propios ni utilizarlos m\u00e1s all\u00e1 de las instrucciones recibidas o para fines distintos del servicio que deben prestar a favor del responsable.<\/li><\/ul><p><strong>La protecci\u00f3n de los datos personales:<\/strong><\/p><p>El Palau de Gel d&#8217;Andorra tiene un cuidadoso sistema de seguridad que garantiza la protecci\u00f3n de tus datos y los facilitados por todos los usuarios de www.ponttibetacanillo.com, Facebook, Instagram, YouTube y Twitter.<\/p><p>Si se produjera un error en el sistema de seguridad a causa del cual los datos se vieran afectados y, como consecuencia, se produjera la destrucci\u00f3n accidental o ilegal, p\u00e9rdida, alteraci\u00f3n o divulgaci\u00f3n no autorizada de los datos personales transmitidos, almacenados o procesadas, o se pudiera acceder a ellas, desde ponttibetacanillo.com nos comprometemos a actuar con la m\u00e1xima transparencia y a notificarlo a los usuarios afectados de forma inmediata.<\/p><p>Si tienes conocimiento o sospechas del uso indebido de tus datos personales o de un acceso no autorizado a estos datos por parte de terceros, no dudes en contactar con nosotros lo antes posible en la direcci\u00f3n electr\u00f3nica dpd@canillo.ad .<\/p><p><strong>Los derechos del usuario respecto de los datos personales:<\/strong><\/p><p><strong>Los derechos que puedes ejercer como usuario son los siguientes:<\/strong><\/p><p>Derecho de acceso: tienes derecho a que te confirmemos si en el Palau de Gel d&#8217;Andorra estamos tratando datos personales que te conciernen o no, as\u00ed como a acceder a tus datos personales que tenga el Palau de Gel d&#8217;Andorra.<\/p><p>Derecho de rectificaci\u00f3n: tienes derecho a solicitar que el Palau de Gel d&#8217;Andorra rectifique tus datos personales cuando sean inexactos o que se completen cuando sean incompletas.<\/p><p>Derecho de limitaci\u00f3n: tienes derecho a solicitar la limitaci\u00f3n del tratamiento de datos. En este caso, s\u00f3lo las conservaremos para el ejercicio o defensa de reclamaciones.<\/p><p>Derecho de oposici\u00f3n: puedes oponerte a que tus datos personales sean objeto de un tratamiento basado en las finalidades y el inter\u00e9s leg\u00edtimo que el Palau de Gel d&#8217;Andorra persigue, incluida la elaboraci\u00f3n de perfiles. En este caso, el Palau de Gel d&#8217;Andorra dejar\u00e1 de tratar los datos, salvo por motivos leg\u00edtimos y de necesidad o por el ejercicio o la defensa de posibles reclamaciones.<\/p><p>Derecho de supresi\u00f3n u olvido: puedes solicitarnos que tus datos personales se supriman cuando, entre otros motivos, los datos ya no sean necesarios para los fines por los que se recogieron.<\/p><p>Derecho de portabilidad: tienes derecho a recibir los datos personales en un formato estructurado, de uso com\u00fan y lectura mec\u00e1nica, y a transmitirlos a otro responsable cuando el tratamiento se base en el consentimiento o en un contrato y se efect\u00fae por medios automatizados.<\/p><p>El ejercicio de estos derechos y de cualquier consulta relativa al tratamiento que hacemos de tus datos se puede efectuar mediante una solicitud dirigida a la direcci\u00f3n electr\u00f3nica dpd@canillo.ad\u00a0<\/p><p>Es necesario que indiques, junto con la solicitud, tu nombre y apellidos, domicilio o correo electr\u00f3nico a efectos de notificaciones, as\u00ed como una fotocopia del documento nacional de identidad o pasaporte para estar seguros de la identidad del solicitante y del derecho ejercido.<\/p><p><strong>Modificaci\u00f3n de la pol\u00edtica de privacidad:<\/strong><\/p><p>Si se produce cualquier cambio en esta pol\u00edtica de privacidad despu\u00e9s de que el usuario la haya aceptado, se le comunicar\u00e1 por correo electr\u00f3nico a la direcci\u00f3n proporcionada.<\/p><\/div><\/div><\/div><\/div><\/div><\/div>\t\t\t\t\t<\/div>\n\t\t\t\t\t\t<\/div>\n\t\t\t\t<\/div>\n\t\t\t\t\t\t<\/div>\n\t\t\t\t\t<\/div>\n\t\t<\/div>\n\t\t\t\t\t\t\t\t<\/div>\n\t\t\t\t\t<\/div>\n\t\t<\/section>\n\t\t\t\t\t\t\t\t\t<\/div>\n\t\t\t<\/div>\n\t\t\t\t\t<\/div>\n\t\t","protected":false},"excerpt":{"rendered":"<p>POLITICA DE PRIVACIDAD Este espacio est\u00e1 dedicado a la informaci\u00f3n sobre el tratamiento que realizamos de tus datos personales. El responsable del tratamiento de los datos personales: Palau de Gel d&#8217;Andorra De conformidad con la legislaci\u00f3n vigente, los datos que nos facilites pasar\u00e1n a formar parte del fichero responsabilidad del Palau de Gel d&#8217;Andorra, registrado [&hellip;]<\/p>\n","protected":false},"author":2,"featured_media":0,"parent":0,"menu_order":0,"comment_status":"closed","ping_status":"open","template":"","meta":{"inline_featured_image":false},"yoast_head":"<!-- This site is optimized with the Yoast SEO plugin v20.5 - https:\/\/yoast.com\/wordpress\/plugins\/seo\/ -->\n<title>POL\u00cdTICA DE PRIVACIDAD - Pont Tibet\u00e0<\/title>\n<meta name=\"robots\" content=\"index, follow, max-snippet:-1, max-image-preview:large, max-video-preview:-1\" \/>\n<link rel=\"canonical\" href=\"https:\/\/www.ponttibetacanillo.com\/es\/politica-privacidad\/\" \/>\n<meta property=\"og:locale\" content=\"es_ES\" \/>\n<meta property=\"og:type\" content=\"article\" \/>\n<meta property=\"og:title\" content=\"POL\u00cdTICA DE PRIVACIDAD - Pont Tibet\u00e0\" \/>\n<meta property=\"og:description\" content=\"POLITICA DE PRIVACIDAD Este espacio est\u00e1 dedicado a la informaci\u00f3n sobre el tratamiento que realizamos de tus datos personales. El responsable del tratamiento de los datos personales: Palau de Gel d&#8217;Andorra De conformidad con la legislaci\u00f3n vigente, los datos que nos facilites pasar\u00e1n a formar parte del fichero responsabilidad del Palau de Gel d&#8217;Andorra, registrado [&hellip;]\" \/>\n<meta property=\"og:url\" content=\"https:\/\/www.ponttibetacanillo.com\/es\/politica-privacidad\/\" \/>\n<meta property=\"og:site_name\" content=\"Pont Tibet\u00e0\" \/>\n<meta property=\"article:publisher\" content=\"https:\/\/www.facebook.com\/ponttibetacanillo\" \/>\n<meta property=\"article:modified_time\" content=\"2026-03-17T09:42:56+00:00\" \/>\n<meta name=\"twitter:card\" content=\"summary_large_image\" \/>\n<meta name=\"twitter:site\" content=\"@pontcanillo\" \/>\n<meta name=\"twitter:label1\" content=\"Tiempo de lectura\" \/>\n\t<meta name=\"twitter:data1\" content=\"8 minutos\" \/>\n<script type=\"application\/ld+json\" class=\"yoast-schema-graph\">{\"@context\":\"https:\/\/schema.org\",\"@graph\":[{\"@type\":\"WebPage\",\"@id\":\"https:\/\/www.ponttibetacanillo.com\/es\/politica-privacidad\/\",\"url\":\"https:\/\/www.ponttibetacanillo.com\/es\/politica-privacidad\/\",\"name\":\"POL\u00cdTICA DE PRIVACIDAD - Pont Tibet\u00e0\",\"isPartOf\":{\"@id\":\"https:\/\/www.ponttibetacanillo.com\/es\/#website\"},\"datePublished\":\"2022-06-08T12:43:34+00:00\",\"dateModified\":\"2026-03-17T09:42:56+00:00\",\"breadcrumb\":{\"@id\":\"https:\/\/www.ponttibetacanillo.com\/es\/politica-privacidad\/#breadcrumb\"},\"inLanguage\":\"es\",\"potentialAction\":[{\"@type\":\"ReadAction\",\"target\":[\"https:\/\/www.ponttibetacanillo.com\/es\/politica-privacidad\/\"]}]},{\"@type\":\"BreadcrumbList\",\"@id\":\"https:\/\/www.ponttibetacanillo.com\/es\/politica-privacidad\/#breadcrumb\",\"itemListElement\":[{\"@type\":\"ListItem\",\"position\":1,\"name\":\"Home\",\"item\":\"https:\/\/www.ponttibetacanillo.com\/es\/\"},{\"@type\":\"ListItem\",\"position\":2,\"name\":\"POL\u00cdTICA DE PRIVACIDAD\"}]},{\"@type\":\"WebSite\",\"@id\":\"https:\/\/www.ponttibetacanillo.com\/es\/#website\",\"url\":\"https:\/\/www.ponttibetacanillo.com\/es\/\",\"name\":\"Pont Tibet\u00e0\",\"description\":\"\",\"publisher\":{\"@id\":\"https:\/\/www.ponttibetacanillo.com\/es\/#organization\"},\"potentialAction\":[{\"@type\":\"SearchAction\",\"target\":{\"@type\":\"EntryPoint\",\"urlTemplate\":\"https:\/\/www.ponttibetacanillo.com\/es\/?s={search_term_string}\"},\"query-input\":\"required name=search_term_string\"}],\"inLanguage\":\"es\"},{\"@type\":\"Organization\",\"@id\":\"https:\/\/www.ponttibetacanillo.com\/es\/#organization\",\"name\":\"Pont Tibet\u00e0 Canillo - Roc del Quer\",\"url\":\"https:\/\/www.ponttibetacanillo.com\/es\/\",\"logo\":{\"@type\":\"ImageObject\",\"inLanguage\":\"es\",\"@id\":\"https:\/\/www.ponttibetacanillo.com\/es\/#\/schema\/logo\/image\/\",\"url\":\"https:\/\/www.ponttibetacanillo.com\/wp-content\/uploads\/2022\/06\/cropped-Logotip_PTVR-2048x1408-1.png\",\"contentUrl\":\"https:\/\/www.ponttibetacanillo.com\/wp-content\/uploads\/2022\/06\/cropped-Logotip_PTVR-2048x1408-1.png\",\"width\":2048,\"height\":1408,\"caption\":\"Pont Tibet\u00e0 Canillo - Roc del Quer\"},\"image\":{\"@id\":\"https:\/\/www.ponttibetacanillo.com\/es\/#\/schema\/logo\/image\/\"},\"sameAs\":[\"https:\/\/www.facebook.com\/ponttibetacanillo\",\"https:\/\/twitter.com\/pontcanillo\",\"https:\/\/www.instagram.com\/ponttibetacanillo\/\"]}]}<\/script>\n<!-- \/ Yoast SEO plugin. -->","yoast_head_json":{"title":"POL\u00cdTICA DE PRIVACIDAD - Pont Tibet\u00e0","robots":{"index":"index","follow":"follow","max-snippet":"max-snippet:-1","max-image-preview":"max-image-preview:large","max-video-preview":"max-video-preview:-1"},"canonical":"https:\/\/www.ponttibetacanillo.com\/es\/politica-privacidad\/","og_locale":"es_ES","og_type":"article","og_title":"POL\u00cdTICA DE PRIVACIDAD - Pont Tibet\u00e0","og_description":"POLITICA DE PRIVACIDAD Este espacio est\u00e1 dedicado a la informaci\u00f3n sobre el tratamiento que realizamos de tus datos personales. El responsable del tratamiento de los datos personales: Palau de Gel d&#8217;Andorra De conformidad con la legislaci\u00f3n vigente, los datos que nos facilites pasar\u00e1n a formar parte del fichero responsabilidad del Palau de Gel d&#8217;Andorra, registrado [&hellip;]","og_url":"https:\/\/www.ponttibetacanillo.com\/es\/politica-privacidad\/","og_site_name":"Pont Tibet\u00e0","article_publisher":"https:\/\/www.facebook.com\/ponttibetacanillo","article_modified_time":"2026-03-17T09:42:56+00:00","twitter_card":"summary_large_image","twitter_site":"@pontcanillo","twitter_misc":{"Tiempo de lectura":"8 minutos"},"schema":{"@context":"https:\/\/schema.org","@graph":[{"@type":"WebPage","@id":"https:\/\/www.ponttibetacanillo.com\/es\/politica-privacidad\/","url":"https:\/\/www.ponttibetacanillo.com\/es\/politica-privacidad\/","name":"POL\u00cdTICA DE PRIVACIDAD - Pont Tibet\u00e0","isPartOf":{"@id":"https:\/\/www.ponttibetacanillo.com\/es\/#website"},"datePublished":"2022-06-08T12:43:34+00:00","dateModified":"2026-03-17T09:42:56+00:00","breadcrumb":{"@id":"https:\/\/www.ponttibetacanillo.com\/es\/politica-privacidad\/#breadcrumb"},"inLanguage":"es","potentialAction":[{"@type":"ReadAction","target":["https:\/\/www.ponttibetacanillo.com\/es\/politica-privacidad\/"]}]},{"@type":"BreadcrumbList","@id":"https:\/\/www.ponttibetacanillo.com\/es\/politica-privacidad\/#breadcrumb","itemListElement":[{"@type":"ListItem","position":1,"name":"Home","item":"https:\/\/www.ponttibetacanillo.com\/es\/"},{"@type":"ListItem","position":2,"name":"POL\u00cdTICA DE PRIVACIDAD"}]},{"@type":"WebSite","@id":"https:\/\/www.ponttibetacanillo.com\/es\/#website","url":"https:\/\/www.ponttibetacanillo.com\/es\/","name":"Pont Tibet\u00e0","description":"","publisher":{"@id":"https:\/\/www.ponttibetacanillo.com\/es\/#organization"},"potentialAction":[{"@type":"SearchAction","target":{"@type":"EntryPoint","urlTemplate":"https:\/\/www.ponttibetacanillo.com\/es\/?s={search_term_string}"},"query-input":"required name=search_term_string"}],"inLanguage":"es"},{"@type":"Organization","@id":"https:\/\/www.ponttibetacanillo.com\/es\/#organization","name":"Pont Tibet\u00e0 Canillo - Roc del Quer","url":"https:\/\/www.ponttibetacanillo.com\/es\/","logo":{"@type":"ImageObject","inLanguage":"es","@id":"https:\/\/www.ponttibetacanillo.com\/es\/#\/schema\/logo\/image\/","url":"https:\/\/www.ponttibetacanillo.com\/wp-content\/uploads\/2022\/06\/cropped-Logotip_PTVR-2048x1408-1.png","contentUrl":"https:\/\/www.ponttibetacanillo.com\/wp-content\/uploads\/2022\/06\/cropped-Logotip_PTVR-2048x1408-1.png","width":2048,"height":1408,"caption":"Pont Tibet\u00e0 Canillo - Roc del Quer"},"image":{"@id":"https:\/\/www.ponttibetacanillo.com\/es\/#\/schema\/logo\/image\/"},"sameAs":["https:\/\/www.facebook.com\/ponttibetacanillo","https:\/\/twitter.com\/pontcanillo","https:\/\/www.instagram.com\/ponttibetacanillo\/"]}]}},"_links":{"self":[{"href":"https:\/\/www.ponttibetacanillo.com\/es\/wp-json\/wp\/v2\/pages\/17855"}],"collection":[{"href":"https:\/\/www.ponttibetacanillo.com\/es\/wp-json\/wp\/v2\/pages"}],"about":[{"href":"https:\/\/www.ponttibetacanillo.com\/es\/wp-json\/wp\/v2\/types\/page"}],"author":[{"embeddable":true,"href":"https:\/\/www.ponttibetacanillo.com\/es\/wp-json\/wp\/v2\/users\/2"}],"replies":[{"embeddable":true,"href":"https:\/\/www.ponttibetacanillo.com\/es\/wp-json\/wp\/v2\/comments?post=17855"}],"version-history":[{"count":7,"href":"https:\/\/www.ponttibetacanillo.com\/es\/wp-json\/wp\/v2\/pages\/17855\/revisions"}],"predecessor-version":[{"id":20633,"href":"https:\/\/www.ponttibetacanillo.com\/es\/wp-json\/wp\/v2\/pages\/17855\/revisions\/20633"}],"wp:attachment":[{"href":"https:\/\/www.ponttibetacanillo.com\/es\/wp-json\/wp\/v2\/media?parent=17855"}],"curies":[{"name":"wp","href":"https:\/\/api.w.org\/{rel}","templated":true}]}}