{"id":17850,"date":"2022-06-06T09:42:28","date_gmt":"2022-06-06T09:42:28","guid":{"rendered":"https:\/\/www.ponttibetacanillo.com\/condicions-generals\/"},"modified":"2026-03-17T09:34:27","modified_gmt":"2026-03-17T09:34:27","slug":"terminos-condiciones","status":"publish","type":"page","link":"https:\/\/www.ponttibetacanillo.com\/es\/terminos-condiciones\/","title":{"rendered":"T\u00c9RMINOS Y CONDICIONES"},"content":{"rendered":"\t\t<div data-elementor-type=\"wp-page\" data-elementor-id=\"17850\" class=\"elementor elementor-17850 elementor-16600\">\n\t\t\t\t\t\t<div class=\"elementor-inner\">\n\t\t\t\t<div class=\"elementor-section-wrap\">\n\t\t\t\t\t\t\t\t\t<section class=\"elementor-section elementor-top-section elementor-element elementor-element-2cfc5d5d elementor-section-boxed elementor-section-height-default elementor-section-height-default\" data-id=\"2cfc5d5d\" data-element_type=\"section\">\n\t\t\t\t\t\t<div class=\"elementor-container elementor-column-gap-default\">\n\t\t\t\t\t\t\t<div class=\"elementor-row\">\n\t\t\t\t\t<div class=\"elementor-column elementor-col-100 elementor-top-column elementor-element elementor-element-4aa5b4bc\" data-id=\"4aa5b4bc\" data-element_type=\"column\">\n\t\t\t<div class=\"elementor-column-wrap elementor-element-populated\">\n\t\t\t\t\t\t\t<div class=\"elementor-widget-wrap\">\n\t\t\t\t\t\t<div class=\"elementor-element elementor-element-259193d7 elementor-widget elementor-widget-text-editor\" data-id=\"259193d7\" data-element_type=\"widget\" data-widget_type=\"text-editor.default\">\n\t\t\t\t<div class=\"elementor-widget-container\">\n\t\t\t<style>\/*! elementor - v3.12.1 - 02-04-2023 *\/\n.elementor-widget-text-editor.elementor-drop-cap-view-stacked .elementor-drop-cap{background-color:#69727d;color:#fff}.elementor-widget-text-editor.elementor-drop-cap-view-framed .elementor-drop-cap{color:#69727d;border:3px solid;background-color:transparent}.elementor-widget-text-editor:not(.elementor-drop-cap-view-default) .elementor-drop-cap{margin-top:8px}.elementor-widget-text-editor:not(.elementor-drop-cap-view-default) .elementor-drop-cap-letter{width:1em;height:1em}.elementor-widget-text-editor .elementor-drop-cap{float:left;text-align:center;line-height:1;font-size:50px}.elementor-widget-text-editor .elementor-drop-cap-letter{display:inline-block}<\/style>\t\t\t\t\t<div class=\"elementor-text-editor elementor-clearfix\">\n\t\t\t\t<div class=\"page\" title=\"Page 1\"><div class=\"layoutArea\"><div class=\"column\"><p><strong>T\u00c9RMINOS Y CONDICIONES GENERALES DE ADMISI\u00d3N Y PARA LA UTILIZACI\u00d3N DE ENTRADAS<\/strong><\/p><ol><li><strong> \u00c1mbito de aplicaci\u00f3n:<\/strong><\/li><\/ol><p>La utilizaci\u00f3n de una entrada (la \u201cEntrada\u201d) para acceder al PUENTE TIBETANO CANILLO (PT) y\/o al MIRADOR ROC DEL QUER (MRQ), propiedades del Palau de Gel d&#8217;Andorra , y las condiciones de admisi\u00f3n a las Actividades del PT y del MRQ (las \u201cActividades\u201d), estar\u00e1n sujetas a los siguientes t\u00e9rminos y condiciones generales (los \u201cT\u00e9rminos y Condiciones Generales\u201d) que establece la Propiedad.<\/p><ol start=\"2\"><li><strong> Aceptaci\u00f3n de los T\u00e9rminos y condiciones generales: <\/strong><strong><br \/><\/strong><br \/>Toda persona que compre, posea y\/o utilice una Entrada (el \u201cTitular de<strong>la Entrada <\/strong>\u201d):<\/li><li>Queda obligada a haber le\u00eddo, entendido y aceptado estos T\u00e9rminos y Condiciones Generales, y los acepta de forma \u00edntegra e irrevocable.<\/li><li>Declara que tiene capacidad suficiente para asumir el punto anterior; en caso de ser menor de edad, declara que la tiene su representante legal o el adulto que le acompa\u00f1a.<\/li><li>Asume todas las obligaciones que se disponen aqu\u00ed y se obliga al cumplimiento, en todo momento, de las instrucciones proporcionadas en las webs, carteles de informaci\u00f3n y manual de explotaci\u00f3n y tambi\u00e9n de las que proporcione el personal asignado por el Palau de Gel d&#8217;Andorra en la gesti\u00f3n del PT y del MRQ.<\/li><li>Asume que el incumplimiento de cualquiera de las disposiciones de estos T\u00e9rminos y Condiciones Generales dar\u00e1 derecho a la Propiedad a cancelar autom\u00e1ticamente la Entrada, y en consecuencia a negar el acceso al PT y al MRQ a la persona que la lleve.<\/li><\/ol><p>Algunos apartados de estos T\u00e9rminos y condiciones generales se reproducir\u00e1n de forma breve en las entradas.<\/p><ol start=\"3\"><li><strong> Especificidades de la Entrada:<\/strong><\/li><\/ol><p>La Propiedad emitir\u00e1 tres categor\u00edas de Entrada:\u00a0<strong>PUENTE TIBETANO CANILLO; MIRADOR ROC DEL QUER; PAQUETE PUENTE TIBETANO CANILLO + MIRADOR ROC DEL QUER <\/strong>. En estos T\u00e9rminos y Condiciones Generales, si no se realiza ninguna precisi\u00f3n, el t\u00e9rmino \u201cEntrada\u201d hace referencia a cualquiera de las tres categor\u00edas de entradas (conjunta o individualmente).<\/p><p>Toda Entrada es personal e intransferible, y da acceso \u00fanicamente a las actividades que se indican en la Entrada.<\/p><p>Todos los menores de edad tendr\u00e1n que disponer de una Entrada para acceder a los lugares e ir acompa\u00f1ados de un adulto con Entrada.<\/p><p>Por razones de seguridad, es obligatorio que los menores de 12 a\u00f1os vayan acompa\u00f1ados de al menos un adulto.<\/p><p>Queda terminantemente prohibido vender, poner a la venta, subastar, revender, ceder o dar, bajo cualquier t\u00edtulo o circunstancia, una Entrada sin el consentimiento formal de la Propiedad.<\/p><p>La Propiedad no garantiza la autenticidad de la Entrada si no se ha adquirido u obtenido a trav\u00e9s de los puntos de venta o distribuci\u00f3n oficiales.<\/p><p>Una vez emitida la Entrada, no se admiten cambios ni devoluciones.<\/p><p>El Titular de la Entrada debe conservarla durante toda la duraci\u00f3n de la visita a las actividades por motivos de verificaci\u00f3n.<\/p><p>La Propiedad se reserva el derecho de alterar o modificar los horarios de apertura y cierre del PT y del MRQ o de la l\u00ednea de autobuses para llegar a ellos; cualquier reclamaci\u00f3n en relaci\u00f3n con esta cuesti\u00f3n deber\u00e1 formalizarse ante la Propiedad, con la presentaci\u00f3n de la Entrada.<\/p><ol start=\"4\"><li><strong> Acceso a las Actividades y seguridad:<\/strong><\/li><\/ol><p>Cuando acceda a las Actividades, al Titular de la Entrada se le podr\u00e1 requerir que muestre su documento de identidad y exigir las medidas de cualquier tipo (sanitarias, de seguridad, etc.) que determine la legalidad vigente en cada momento y aquellas que se consideren oportunas. En cualquier caso, la Propiedad se reserva el derecho de admisi\u00f3n.<\/p><p>Queda estrictamente prohibido acceder con veh\u00edculos motorizados, bicicletas u otros veh\u00edculos de movilidad personal en el PT y en el MRQ.<\/p><p>Est\u00e1 prohibido lanzar objetos a las zonas del PT y del MRQ. Concretamente queda estrictamente prohibido lanzar objetos desde el PT y desde el MRQ.<\/p><p>No est\u00e1 permitido fumar ni encender fuego en toda la visita al PT y al MRQ.<\/p><p>El acceso a la actividad del PT con animales est\u00e1 prohibido, El acceso a la actividad del MRQ con animales est\u00e1 prohibido salvo perros gu\u00edas.<\/p><p>Por motivos de seguridad, los cochecitos, las sillas de paseo de beb\u00e9s y ni\u00f1os, y las sillas de ruedas no podr\u00e1n acceder al PT dado que \u00e9ste no est\u00e1 adaptado y podr\u00edan obstruir el paso en caso de evacuaci\u00f3n.<\/p><p>No se permitir\u00e1 el acceso a las actividades con ning\u00fan objeto considerado inadecuado y peligroso por la Propiedad.<\/p><p>Queda estrictamente prohibido subirse a las barandillas, a los cables y apoyarse en las religas del PT o en cualquier otro elemento de la instalaci\u00f3n.<\/p><p>No estar\u00e1 permitido ligar ning\u00fan elemento ajeno a la estructura del PT. En caso de que se haga, la Propiedad proceder\u00e1 a sacarlas y puede derivar una sanci\u00f3n.<\/p><p>Las personas con miedo a las alturas, v\u00e9rtigo, sensaci\u00f3n de mareo, desmayos o cualquier otra patolog\u00eda incompatible con la actividad deben evitar cruzar el PT y acceder al MRQ.<\/p><p>El Titular de la Entrada es responsable de velar, durante la visita a las actividades, por su seguridad personal y la de menores de edad u otras personas sin capacidad legal de obrar, o con capacidad limitada, que utilicen Entradas de las cuales sea responsable el Titular de la Entrada; tambi\u00e9n acepta todos los riesgos o peligros que \u00e9l mismo o estas personas pudieran correr o experimentar por la asistencia a las actividades del PT y MRQ, renunciando a cualquier tipo de demanda contra la Propiedad relacionada con estos riesgos y peligros.<\/p><ol start=\"5\"><li><strong> Entradas perdidas, robadas o da\u00f1adas:<\/strong><\/li><\/ol><p>La Propiedad no restituir\u00e1 ninguna Entrada, independientemente del motivo de la solicitud de restituci\u00f3n, ya sea la p\u00e9rdida o robo de la Entrada y salvado lo expuesto en el punto 6\u00ba siguiente.<\/p><p>La Entrada s\u00f3lo ser\u00e1 v\u00e1lida si est\u00e1 entera y en buenas condiciones, sin indicios de haber sido subsanada o falsificada. Alterar o da\u00f1ar la Entrada puede suponer la denegaci\u00f3n del acceso a las Actividades.<\/p><p>Por razones de seguridad, la Propiedad no est\u00e1 obligada a expedir duplicados de la Entrada, ya que los duplicados podr\u00edan dar acceso a las actividades a m\u00e1s usuarios de quienes las actividades puedan acoger en condiciones \u00f3ptimas de seguridad.<\/p><ol start=\"6\"><li><strong> Cancelaci\u00f3n de las Actividades:<\/strong><\/li><\/ol><p>En caso de cancelaci\u00f3n de las Actividades por cualquier motivo, \u00fanicamente tendr\u00e1n derecho a la devoluci\u00f3n del importe los poseedores de una Entrada de pago. La reclamaci\u00f3n debe enviarse al establecimiento donde se haya adquirido la Entrada, seg\u00fan las condiciones establecidas en el momento de la venta; ser\u00e1 necesario presentar la Entrada. La Entrada a las Actividades que hayan sido canceladas no podr\u00e1 canjearse por la de otro d\u00eda.<\/p><p>Las condiciones climatol\u00f3gicas adversas no dan derecho a la devoluci\u00f3n del importe de la Entrada salvo si la actividad ha sido suspendida oficialmente por motivos de seguridad.<\/p><ol start=\"7\"><li><strong> Derechos de imagen, propiedad intelectual y prohibiciones relativas a la publicidad no autorizada y otras actividades de marketing:<\/strong><\/li><\/ol><p>El Titular de la Entrada no podr\u00e1 utilizar las entradas con fines comerciales, tales como promociones o actividades publicitarias, ni usarlas como premio o recompensa en concursos, loter\u00edas o programas de incentivos, salvo que la Propiedad lo autorice expresamente. El incumplimiento de esta prohibici\u00f3n dar\u00e1 derecho a la Propiedad a reclamar los da\u00f1os y perjuicios causados.<\/p><p>De acuerdo con la legislaci\u00f3n vigente, la Propiedad podr\u00e1 captar y publicar im\u00e1genes de las actividades y de las personas que asistan con la finalidad de informar sobre las actividades en los canales de comunicaci\u00f3n que utiliza habitualmente.<\/p><ol start=\"8\"><li><strong> Servicio de consigna y de objetos perdidos:<\/strong><\/li><\/ol><p>Las actividades no disponen de un servicio de consigna. <br \/>La Propiedad no se hace responsable de los objetos que se dejen en cualquier lugar donde se realizan las Actividades.<\/p><p>Cualquier objeto hallado en las Actividades que no haya sido reclamado en el plazo de 48 horas se entender\u00e1 abandonado y podr\u00e1 ser destruido por la Propiedad.<\/p><ol start=\"9\"><li><strong> Acceso a las Actividades de personas con movilidad reducida:<\/strong><\/li><\/ol><p>El acceso a las actividades no est\u00e1 adaptado a personas con movilidad reducida. Son zonas de monta\u00f1a donde existen obst\u00e1culos no salvables para personas con movilidad reducida.<\/p><ol start=\"10\"><li><strong> Pol\u00edtica de privacidad. Datos personales:<\/strong><\/li><\/ol><p>De conformidad con Ley 29\/2021, de 28 de octubre, calificada de protecci\u00f3n de datos personales, se informa al usuario (Usuario), como persona que facilita sus datos personales (Datos Personales) que \u00e9stos pasar\u00e1n a formar parte del fichero responsabilidad del Palau de Gel d&#8217;Andorra, registrado en la Agencia Andorrana de Protecci\u00f3n de Datos, que ser\u00e1 tratado de acuerdo con la normativa en la materia. Los datos se utilizar\u00e1n para comunicarle cualquier iniciativa con finalidad promocional y publicitaria de las actividades tur\u00edsticas de Canillo (eventos y actividades deportivas, culturales y de ocio, entre otros) mediante cualquier canal de informaci\u00f3n, de acuerdo con la aceptaci\u00f3n expresa manifestada en el momento de la recogida de los datos. El Usuario es responsable de la veracidad de los datos facilitados y de comunicar cualquier modificaci\u00f3n; por tanto, el Palau de Gel d&#8217;Andorra queda exento de cualquier responsabilidad en este sentido.<\/p><p>Como usuario, puede ejercer los derechos de acceso, rectificaci\u00f3n, oposici\u00f3n, reclamaci\u00f3n, portabilidad, limitaci\u00f3n, supresi\u00f3n y olvido en relaci\u00f3n con sus datos. Estos derechos los puede ejercer el usuario enviando una solicitud a la direcci\u00f3n electr\u00f3nica dpd@canillo.ad; es necesario incluir el nombre y los apellidos, un domicilio a efectos de notificaciones, una fotocopia del documento nacional de identidad o del pasaporte y el contenido concreto del derecho que se quiere ejercer.<\/p><p>Para obtener m\u00e1s informaci\u00f3n sobre la pol\u00edtica de privacidad consulte https:\/\/www.ponttibetacanillo.com<\/p><ol start=\"11\"><li><strong> Legislaci\u00f3n aplicable:<\/strong><\/li><\/ol><p>Cualquier controversia o disputa relacionada con cualquiera de los derechos y obligaciones que se deriven de estos T\u00e9rminos y condiciones generales se resolver\u00e1 de conformidad con la ley andorrana y ante la jurisdicci\u00f3n exclusiva de los tribunales del Principado de Andorra.<\/p><\/div><\/div><\/div>\t\t\t\t\t<\/div>\n\t\t\t\t\t\t<\/div>\n\t\t\t\t<\/div>\n\t\t\t\t\t\t<\/div>\n\t\t\t\t\t<\/div>\n\t\t<\/div>\n\t\t\t\t\t\t\t\t<\/div>\n\t\t\t\t\t<\/div>\n\t\t<\/section>\n\t\t\t\t\t\t\t\t\t<\/div>\n\t\t\t<\/div>\n\t\t\t\t\t<\/div>\n\t\t","protected":false},"excerpt":{"rendered":"<p>T\u00c9RMINOS Y CONDICIONES GENERALES DE ADMISI\u00d3N Y PARA LA UTILIZACI\u00d3N DE ENTRADAS \u00c1mbito de aplicaci\u00f3n: La utilizaci\u00f3n de una entrada (la \u201cEntrada\u201d) para acceder al PUENTE TIBETANO CANILLO (PT) y\/o al MIRADOR ROC DEL QUER (MRQ), propiedades del Palau de Gel d&#8217;Andorra , y las condiciones de admisi\u00f3n a las Actividades del PT y del [&hellip;]<\/p>\n","protected":false},"author":2,"featured_media":0,"parent":0,"menu_order":0,"comment_status":"closed","ping_status":"open","template":"","meta":{"inline_featured_image":false},"yoast_head":"<!-- This site is optimized with the Yoast SEO plugin v20.5 - https:\/\/yoast.com\/wordpress\/plugins\/seo\/ -->\n<title>T\u00c9RMINOS Y CONDICIONES - Pont Tibet\u00e0<\/title>\n<meta name=\"robots\" content=\"index, follow, max-snippet:-1, max-image-preview:large, max-video-preview:-1\" \/>\n<link rel=\"canonical\" href=\"https:\/\/www.ponttibetacanillo.com\/es\/terminos-condiciones\/\" \/>\n<meta property=\"og:locale\" content=\"es_ES\" \/>\n<meta property=\"og:type\" content=\"article\" \/>\n<meta property=\"og:title\" content=\"T\u00c9RMINOS Y CONDICIONES - Pont Tibet\u00e0\" \/>\n<meta property=\"og:description\" content=\"T\u00c9RMINOS Y CONDICIONES GENERALES DE ADMISI\u00d3N Y PARA LA UTILIZACI\u00d3N DE ENTRADAS \u00c1mbito de aplicaci\u00f3n: La utilizaci\u00f3n de una entrada (la \u201cEntrada\u201d) para acceder al PUENTE TIBETANO CANILLO (PT) y\/o al MIRADOR ROC DEL QUER (MRQ), propiedades del Palau de Gel d&#8217;Andorra , y las condiciones de admisi\u00f3n a las Actividades del PT y del [&hellip;]\" \/>\n<meta property=\"og:url\" content=\"https:\/\/www.ponttibetacanillo.com\/es\/terminos-condiciones\/\" \/>\n<meta property=\"og:site_name\" content=\"Pont Tibet\u00e0\" \/>\n<meta property=\"article:publisher\" content=\"https:\/\/www.facebook.com\/ponttibetacanillo\" \/>\n<meta property=\"article:modified_time\" content=\"2026-03-17T09:34:27+00:00\" \/>\n<meta name=\"twitter:card\" content=\"summary_large_image\" \/>\n<meta name=\"twitter:site\" content=\"@pontcanillo\" \/>\n<meta name=\"twitter:label1\" content=\"Tiempo de lectura\" \/>\n\t<meta name=\"twitter:data1\" content=\"8 minutos\" \/>\n<script type=\"application\/ld+json\" class=\"yoast-schema-graph\">{\"@context\":\"https:\/\/schema.org\",\"@graph\":[{\"@type\":\"WebPage\",\"@id\":\"https:\/\/www.ponttibetacanillo.com\/es\/terminos-condiciones\/\",\"url\":\"https:\/\/www.ponttibetacanillo.com\/es\/terminos-condiciones\/\",\"name\":\"T\u00c9RMINOS Y CONDICIONES - Pont Tibet\u00e0\",\"isPartOf\":{\"@id\":\"https:\/\/www.ponttibetacanillo.com\/es\/#website\"},\"datePublished\":\"2022-06-06T09:42:28+00:00\",\"dateModified\":\"2026-03-17T09:34:27+00:00\",\"breadcrumb\":{\"@id\":\"https:\/\/www.ponttibetacanillo.com\/es\/terminos-condiciones\/#breadcrumb\"},\"inLanguage\":\"es\",\"potentialAction\":[{\"@type\":\"ReadAction\",\"target\":[\"https:\/\/www.ponttibetacanillo.com\/es\/terminos-condiciones\/\"]}]},{\"@type\":\"BreadcrumbList\",\"@id\":\"https:\/\/www.ponttibetacanillo.com\/es\/terminos-condiciones\/#breadcrumb\",\"itemListElement\":[{\"@type\":\"ListItem\",\"position\":1,\"name\":\"Home\",\"item\":\"https:\/\/www.ponttibetacanillo.com\/es\/\"},{\"@type\":\"ListItem\",\"position\":2,\"name\":\"T\u00c9RMINOS Y CONDICIONES\"}]},{\"@type\":\"WebSite\",\"@id\":\"https:\/\/www.ponttibetacanillo.com\/es\/#website\",\"url\":\"https:\/\/www.ponttibetacanillo.com\/es\/\",\"name\":\"Pont Tibet\u00e0\",\"description\":\"\",\"publisher\":{\"@id\":\"https:\/\/www.ponttibetacanillo.com\/es\/#organization\"},\"potentialAction\":[{\"@type\":\"SearchAction\",\"target\":{\"@type\":\"EntryPoint\",\"urlTemplate\":\"https:\/\/www.ponttibetacanillo.com\/es\/?s={search_term_string}\"},\"query-input\":\"required name=search_term_string\"}],\"inLanguage\":\"es\"},{\"@type\":\"Organization\",\"@id\":\"https:\/\/www.ponttibetacanillo.com\/es\/#organization\",\"name\":\"Pont Tibet\u00e0 Canillo - Roc del Quer\",\"url\":\"https:\/\/www.ponttibetacanillo.com\/es\/\",\"logo\":{\"@type\":\"ImageObject\",\"inLanguage\":\"es\",\"@id\":\"https:\/\/www.ponttibetacanillo.com\/es\/#\/schema\/logo\/image\/\",\"url\":\"https:\/\/www.ponttibetacanillo.com\/wp-content\/uploads\/2022\/06\/cropped-Logotip_PTVR-2048x1408-1.png\",\"contentUrl\":\"https:\/\/www.ponttibetacanillo.com\/wp-content\/uploads\/2022\/06\/cropped-Logotip_PTVR-2048x1408-1.png\",\"width\":2048,\"height\":1408,\"caption\":\"Pont Tibet\u00e0 Canillo - Roc del Quer\"},\"image\":{\"@id\":\"https:\/\/www.ponttibetacanillo.com\/es\/#\/schema\/logo\/image\/\"},\"sameAs\":[\"https:\/\/www.facebook.com\/ponttibetacanillo\",\"https:\/\/twitter.com\/pontcanillo\",\"https:\/\/www.instagram.com\/ponttibetacanillo\/\"]}]}<\/script>\n<!-- \/ Yoast SEO plugin. -->","yoast_head_json":{"title":"T\u00c9RMINOS Y CONDICIONES - Pont Tibet\u00e0","robots":{"index":"index","follow":"follow","max-snippet":"max-snippet:-1","max-image-preview":"max-image-preview:large","max-video-preview":"max-video-preview:-1"},"canonical":"https:\/\/www.ponttibetacanillo.com\/es\/terminos-condiciones\/","og_locale":"es_ES","og_type":"article","og_title":"T\u00c9RMINOS Y CONDICIONES - Pont Tibet\u00e0","og_description":"T\u00c9RMINOS Y CONDICIONES GENERALES DE ADMISI\u00d3N Y PARA LA UTILIZACI\u00d3N DE ENTRADAS \u00c1mbito de aplicaci\u00f3n: La utilizaci\u00f3n de una entrada (la \u201cEntrada\u201d) para acceder al PUENTE TIBETANO CANILLO (PT) y\/o al MIRADOR ROC DEL QUER (MRQ), propiedades del Palau de Gel d&#8217;Andorra , y las condiciones de admisi\u00f3n a las Actividades del PT y del [&hellip;]","og_url":"https:\/\/www.ponttibetacanillo.com\/es\/terminos-condiciones\/","og_site_name":"Pont Tibet\u00e0","article_publisher":"https:\/\/www.facebook.com\/ponttibetacanillo","article_modified_time":"2026-03-17T09:34:27+00:00","twitter_card":"summary_large_image","twitter_site":"@pontcanillo","twitter_misc":{"Tiempo de lectura":"8 minutos"},"schema":{"@context":"https:\/\/schema.org","@graph":[{"@type":"WebPage","@id":"https:\/\/www.ponttibetacanillo.com\/es\/terminos-condiciones\/","url":"https:\/\/www.ponttibetacanillo.com\/es\/terminos-condiciones\/","name":"T\u00c9RMINOS Y CONDICIONES - Pont Tibet\u00e0","isPartOf":{"@id":"https:\/\/www.ponttibetacanillo.com\/es\/#website"},"datePublished":"2022-06-06T09:42:28+00:00","dateModified":"2026-03-17T09:34:27+00:00","breadcrumb":{"@id":"https:\/\/www.ponttibetacanillo.com\/es\/terminos-condiciones\/#breadcrumb"},"inLanguage":"es","potentialAction":[{"@type":"ReadAction","target":["https:\/\/www.ponttibetacanillo.com\/es\/terminos-condiciones\/"]}]},{"@type":"BreadcrumbList","@id":"https:\/\/www.ponttibetacanillo.com\/es\/terminos-condiciones\/#breadcrumb","itemListElement":[{"@type":"ListItem","position":1,"name":"Home","item":"https:\/\/www.ponttibetacanillo.com\/es\/"},{"@type":"ListItem","position":2,"name":"T\u00c9RMINOS Y CONDICIONES"}]},{"@type":"WebSite","@id":"https:\/\/www.ponttibetacanillo.com\/es\/#website","url":"https:\/\/www.ponttibetacanillo.com\/es\/","name":"Pont Tibet\u00e0","description":"","publisher":{"@id":"https:\/\/www.ponttibetacanillo.com\/es\/#organization"},"potentialAction":[{"@type":"SearchAction","target":{"@type":"EntryPoint","urlTemplate":"https:\/\/www.ponttibetacanillo.com\/es\/?s={search_term_string}"},"query-input":"required name=search_term_string"}],"inLanguage":"es"},{"@type":"Organization","@id":"https:\/\/www.ponttibetacanillo.com\/es\/#organization","name":"Pont Tibet\u00e0 Canillo - Roc del Quer","url":"https:\/\/www.ponttibetacanillo.com\/es\/","logo":{"@type":"ImageObject","inLanguage":"es","@id":"https:\/\/www.ponttibetacanillo.com\/es\/#\/schema\/logo\/image\/","url":"https:\/\/www.ponttibetacanillo.com\/wp-content\/uploads\/2022\/06\/cropped-Logotip_PTVR-2048x1408-1.png","contentUrl":"https:\/\/www.ponttibetacanillo.com\/wp-content\/uploads\/2022\/06\/cropped-Logotip_PTVR-2048x1408-1.png","width":2048,"height":1408,"caption":"Pont Tibet\u00e0 Canillo - Roc del Quer"},"image":{"@id":"https:\/\/www.ponttibetacanillo.com\/es\/#\/schema\/logo\/image\/"},"sameAs":["https:\/\/www.facebook.com\/ponttibetacanillo","https:\/\/twitter.com\/pontcanillo","https:\/\/www.instagram.com\/ponttibetacanillo\/"]}]}},"_links":{"self":[{"href":"https:\/\/www.ponttibetacanillo.com\/es\/wp-json\/wp\/v2\/pages\/17850"}],"collection":[{"href":"https:\/\/www.ponttibetacanillo.com\/es\/wp-json\/wp\/v2\/pages"}],"about":[{"href":"https:\/\/www.ponttibetacanillo.com\/es\/wp-json\/wp\/v2\/types\/page"}],"author":[{"embeddable":true,"href":"https:\/\/www.ponttibetacanillo.com\/es\/wp-json\/wp\/v2\/users\/2"}],"replies":[{"embeddable":true,"href":"https:\/\/www.ponttibetacanillo.com\/es\/wp-json\/wp\/v2\/comments?post=17850"}],"version-history":[{"count":7,"href":"https:\/\/www.ponttibetacanillo.com\/es\/wp-json\/wp\/v2\/pages\/17850\/revisions"}],"predecessor-version":[{"id":20630,"href":"https:\/\/www.ponttibetacanillo.com\/es\/wp-json\/wp\/v2\/pages\/17850\/revisions\/20630"}],"wp:attachment":[{"href":"https:\/\/www.ponttibetacanillo.com\/es\/wp-json\/wp\/v2\/media?parent=17850"}],"curies":[{"name":"wp","href":"https:\/\/api.w.org\/{rel}","templated":true}]}}