{"id":17843,"date":"2022-05-16T15:07:23","date_gmt":"2022-05-16T15:07:23","guid":{"rendered":"https:\/\/www.ponttibetacanillo.com\/avis-legal\/"},"modified":"2026-03-17T09:31:32","modified_gmt":"2026-03-17T09:31:32","slug":"aviso-legal","status":"publish","type":"page","link":"https:\/\/www.ponttibetacanillo.com\/es\/aviso-legal\/","title":{"rendered":"AVISO LEGAL"},"content":{"rendered":"\t\t<div data-elementor-type=\"wp-page\" data-elementor-id=\"17843\" class=\"elementor elementor-17843 elementor-3\">\n\t\t\t\t\t\t<div class=\"elementor-inner\">\n\t\t\t\t<div class=\"elementor-section-wrap\">\n\t\t\t\t\t\t\t\t\t<section class=\"elementor-section elementor-top-section elementor-element elementor-element-2cfc5d5d elementor-section-boxed elementor-section-height-default elementor-section-height-default\" data-id=\"2cfc5d5d\" data-element_type=\"section\">\n\t\t\t\t\t\t<div class=\"elementor-container elementor-column-gap-default\">\n\t\t\t\t\t\t\t<div class=\"elementor-row\">\n\t\t\t\t\t<div class=\"elementor-column elementor-col-100 elementor-top-column elementor-element elementor-element-4aa5b4bc\" data-id=\"4aa5b4bc\" data-element_type=\"column\">\n\t\t\t<div class=\"elementor-column-wrap elementor-element-populated\">\n\t\t\t\t\t\t\t<div class=\"elementor-widget-wrap\">\n\t\t\t\t\t\t<div class=\"elementor-element elementor-element-259193d7 elementor-widget elementor-widget-text-editor\" data-id=\"259193d7\" data-element_type=\"widget\" data-widget_type=\"text-editor.default\">\n\t\t\t\t<div class=\"elementor-widget-container\">\n\t\t\t<style>\/*! elementor - v3.12.1 - 02-04-2023 *\/\n.elementor-widget-text-editor.elementor-drop-cap-view-stacked .elementor-drop-cap{background-color:#69727d;color:#fff}.elementor-widget-text-editor.elementor-drop-cap-view-framed .elementor-drop-cap{color:#69727d;border:3px solid;background-color:transparent}.elementor-widget-text-editor:not(.elementor-drop-cap-view-default) .elementor-drop-cap{margin-top:8px}.elementor-widget-text-editor:not(.elementor-drop-cap-view-default) .elementor-drop-cap-letter{width:1em;height:1em}.elementor-widget-text-editor .elementor-drop-cap{float:left;text-align:center;line-height:1;font-size:50px}.elementor-widget-text-editor .elementor-drop-cap-letter{display:inline-block}<\/style>\t\t\t\t\t<div class=\"elementor-text-editor elementor-clearfix\">\n\t\t\t\t<h3>AVISO LEGAL<\/h3><p>Este aviso legal recoge las condiciones generales que regulan el acceso y uso del portal www.ponttibetacanillo.com, en adelante \u00abel Portal\u00bb, del que es titular y propietario el Palau de Gel d&#8217;Andorra. El acceso al Portal es gratuito y su visualizaci\u00f3n no requiere registro ni suscripci\u00f3n previos. A trav\u00e9s del Portal se facilita informaci\u00f3n sobre el Puente Tibetano de Canillo y el Mirador del Roc del Quer.<\/p><p><strong>Responsabilidades<\/strong><\/p><p>El Palau de Gel d&#8217;Andorra no se responsabiliza de los da\u00f1os y perjuicios producidos o que se puedan producir, de ninguna naturaleza, que se deriven del uso de la informaci\u00f3n, del contenido del Portal y de los programas que incorpora, y que pudieran ocasionar, a t\u00edtulo enunciativo y no limitativo: errores u omisiones en los contenidos, falta de disponibilidad del Portal o la transmisi\u00f3n de virus o programas maliciosos o lesivos en los contenidos, a pesar de haber adoptado todas las medidas tecnol\u00f3gicas necesarias para evitarlo.<\/p><p>La informaci\u00f3n contenida en el Portal es la vigente en la fecha de la \u00faltima actualizaci\u00f3n, y el Palau de Gel d&#8217;Andorra. no garantiza la ausencia de errores en el acceso al Portal ni en el contenido, pero adoptar\u00e1 las medidas pertinentes para evitarlos , corregirlos o actualizarlos tan pronto como se detecten. El Palau de Gel d&#8217;Andorra se reserva el derecho de modificar y actualizar la informaci\u00f3n del Portal, su presentaci\u00f3n y configuraci\u00f3n y las condiciones de acceso sin necesidad de previo aviso y en cualquier momento. Asimismo, el Palau de Gel d&#8217;Andorra se reserva el derecho de modificar u omitir total o parcialmente los contenidos del Portal y restringir su acceso. En caso de que deban realizarse operaciones de mantenimiento, reparaci\u00f3n, actualizaci\u00f3n o mejora de los servicios, el Palau de Gel d&#8217;Andorra se reserva el derecho de suspender temporalmente, y sin necesidad de previo aviso, el acceso al Portal, as\u00ed como el derecho de prestaci\u00f3n o cancelaci\u00f3n de los servicios, sin perjuicio de procurar ponerlo en conocimiento de los usuarios, siempre que las circunstancias lo permitan. El uso de este Portal y la informaci\u00f3n que se facilita son responsabilidad del usuario. Ning\u00fan tercero podr\u00e1 establecer una relaci\u00f3n de framing entre sus p\u00e1ginas web y Portal. Asimismo, el Palau de Gel d&#8217;Andorra no se responsabiliza del contenido de terceros al que se pueda acceder mediante los enlaces contenidos en el Portal.<\/p><p>El usuario es responsable del cumplimiento de las leyes y reglamentos en vigor y de las reglas aplicables al uso que se realice de los productos y aplicaciones. Sin embargo, se proh\u00edbe el uso del Portal contrario a la buena fe, en particular y de forma no exhaustiva: la utilizaci\u00f3n contraria a la normativa andorrana o que infrinja los derechos de terceros; la publicaci\u00f3n o transmisi\u00f3n de cualquier contenido que resulte violento, obsceno, abusivo, ilegal, racial, xen\u00f3fobo o difamatorio; alterar o intervenir por medios fraudulentos p\u00e1ginas web personales, correos electr\u00f3nicos o sistemas de otros usuarios o terceros sin su autorizaci\u00f3n; los cracks, n\u00fameros de serie de programas o cualquier otro contenido que vulnere los derechos de la propiedad intelectual de terceros; la recogida o la utilizaci\u00f3n de datos personales de otros usuarios sin su consentimiento expreso o que contravenga las disposiciones de la Ley 29\/2021, de 28 de octubre, calificada de protecci\u00f3n de datos personales; la utilizaci\u00f3n del servidor de correo, el dominio y las direcciones electr\u00f3nicas con fines de correo no deseado, bombardeo de correo, suplantaci\u00f3n de identidad, fraude bajo custodia de terceros, Scam 419, pharming, difusi\u00f3n de virus (troyanos, etc.) o cualquier otro tipo de actividad realizada con \u00e1nimo fraudulento o delictivo. Se proh\u00edbe expresamente acceder, modificar, visualizar la configuraci\u00f3n, estructura y archivos de los servidores del Portal. Ante cualquier problema que pudiera producirse en los servidores y sistemas de seguridad del Portal como consecuencia directa de una actuaci\u00f3n negligente del usuario, \u00e9ste responder\u00e1 por la responsabilidad civil y penal que corresponda. El usuario respetar\u00e1 los est\u00e1ndares t\u00e9cnicos dispuestos por el Portal en la administraci\u00f3n y desarrollo de los productos utilizados de forma que no se produzca un uso abusivo que retrase los servidores y perjudique la prestaci\u00f3n de los productos o derechos de otros usuarios.<\/p><p><strong>Propiedad Intelectual sobre los contenidos<\/strong><\/p><p>Todos los elementos que aparecen en el Portal, sin limitaci\u00f3n (fotograf\u00edas, m\u00fasica, sonidos, animaciones, software, textos, nombre del dominio, marcas, informaci\u00f3n y contenido recopilados de toda la web, etc.), as\u00ed como la estructura, el dise\u00f1o gr\u00e1fico y el c\u00f3digo fuente, son propiedad del Palau de Gel d&#8217;Andorra o, en su caso, de terceros que le han cedido los correspondientes derechos de uso, y que el usuario de este sitio web debe respetar, y que por tanto est\u00e1n protegidos por la normativa de propiedad intelectual.<\/p><p>No se podr\u00e1n realizar actos totales o parciales de reproducci\u00f3n, publicaci\u00f3n, tratamiento inform\u00e1tico, distribuci\u00f3n, difusi\u00f3n, transformaci\u00f3n, compilaci\u00f3n, modificaci\u00f3n, distribuci\u00f3n o comunicaci\u00f3n p\u00fablicas del Portal sin el previo consentimiento y por escrito del Palau de Gel d&#8217;Andorra.<\/p><p>El acceso por parte del usuario a los contenidos y servicios del Portal no implica ning\u00fan derecho en cuanto a su transmisi\u00f3n, cesi\u00f3n, utilizaci\u00f3n, alteraci\u00f3n, explotaci\u00f3n, reproducci\u00f3n, distribuci\u00f3n o comunicaci\u00f3n p\u00fablicas, objeto de propiedad intelectual, sin la previa autorizaci\u00f3n expresa otorgada espec\u00edficamente al efecto por parte del Palau de Gel d&#8217;Andorra o del tercero titular de los derechos, en su caso.<\/p><p>Los usuarios del Portal s\u00f3lo podr\u00e1n realizar un uso privado y personal de sus contenidos, es decir, s\u00f3lo tendr\u00e1n derecho a visualizar y realizar copias de los contenidos para su uso personal y exclusivo y tendr\u00e1n que aplicar estos derechos sobre la base de los principios de buena fe y la normativa vigente. Se proh\u00edbe absolutamente usar el Portal o cualquiera de sus elementos con fines comerciales o il\u00edcitos.<\/p><p>La utilizaci\u00f3n no autorizada de la informaci\u00f3n contenida en este Portal, as\u00ed como los perjuicios ocasionados en los derechos de propiedad intelectual, pueden dar lugar al ejercicio de las acciones legales pertinentes y, en su caso, a las responsabilidades derivadas del mismo ejercicio.<\/p><p><strong>Compromisos<\/strong><\/p><p>El Palau de Gel d&#8217;Andorra se compromete a no realizar publicidad enga\u00f1osa. En este sentido, no se considerar\u00e1n publicidad enga\u00f1osa los errores formales o num\u00e9ricos que puedan encontrarse en el contenido de las diferentes secciones del Portal debido al mantenimiento o a la actualizaci\u00f3n incompleta o defectuosa de la informaci\u00f3n contenida en estas secciones del Portal. Como consecuencia de lo que se menciona en este apartado, el Palau de Gel d&#8217;Andorra se compromete a corregir esta situaci\u00f3n en cuanto tenga constancia de los errores indicados.<\/p><p><strong>Aceptaci\u00f3n<\/strong><\/p><p>El uso del Portal implica la expresa y plena aceptaci\u00f3n de estas condiciones generales y de todas y cada una de las disposiciones incluidas en este aviso legal en la versi\u00f3n publicada en el momento en que el usuario accede a este aviso.<\/p><p>En consecuencia, se recomienda que el usuario lea este aviso legal cada vez que acceda al Portal, dado que se pueden producir modificaciones en las Condiciones Generales, sin perjuicio de las Condiciones Particulares que puedan aplicarse a determinados servicios concretos del Portal.<\/p><p>Las presentes condiciones de acceso y uso quedan sujetas a la legislaci\u00f3n andorrana y a la competencia exclusiva de los tribunales andorranos.<\/p>\t\t\t\t\t<\/div>\n\t\t\t\t\t\t<\/div>\n\t\t\t\t<\/div>\n\t\t\t\t\t\t<\/div>\n\t\t\t\t\t<\/div>\n\t\t<\/div>\n\t\t\t\t\t\t\t\t<\/div>\n\t\t\t\t\t<\/div>\n\t\t<\/section>\n\t\t\t\t\t\t\t\t\t<\/div>\n\t\t\t<\/div>\n\t\t\t\t\t<\/div>\n\t\t","protected":false},"excerpt":{"rendered":"<p>AVISO LEGAL Este aviso legal recoge las condiciones generales que regulan el acceso y uso del portal www.ponttibetacanillo.com, en adelante \u00abel Portal\u00bb, del que es titular y propietario el Palau de Gel d&#8217;Andorra. El acceso al Portal es gratuito y su visualizaci\u00f3n no requiere registro ni suscripci\u00f3n previos. A trav\u00e9s del Portal se facilita informaci\u00f3n [&hellip;]<\/p>\n","protected":false},"author":1,"featured_media":0,"parent":0,"menu_order":0,"comment_status":"closed","ping_status":"open","template":"","meta":{"inline_featured_image":false},"yoast_head":"<!-- This site is optimized with the Yoast SEO plugin v20.5 - https:\/\/yoast.com\/wordpress\/plugins\/seo\/ -->\n<title>AVISO LEGAL - Pont Tibet\u00e0<\/title>\n<meta name=\"robots\" content=\"index, follow, max-snippet:-1, max-image-preview:large, max-video-preview:-1\" \/>\n<link rel=\"canonical\" href=\"https:\/\/www.ponttibetacanillo.com\/es\/aviso-legal\/\" \/>\n<meta property=\"og:locale\" content=\"es_ES\" \/>\n<meta property=\"og:type\" content=\"article\" \/>\n<meta property=\"og:title\" content=\"AVISO LEGAL - Pont Tibet\u00e0\" \/>\n<meta property=\"og:description\" content=\"AVISO LEGAL Este aviso legal recoge las condiciones generales que regulan el acceso y uso del portal www.ponttibetacanillo.com, en adelante \u00abel Portal\u00bb, del que es titular y propietario el Palau de Gel d&#8217;Andorra. El acceso al Portal es gratuito y su visualizaci\u00f3n no requiere registro ni suscripci\u00f3n previos. A trav\u00e9s del Portal se facilita informaci\u00f3n [&hellip;]\" \/>\n<meta property=\"og:url\" content=\"https:\/\/www.ponttibetacanillo.com\/es\/aviso-legal\/\" \/>\n<meta property=\"og:site_name\" content=\"Pont Tibet\u00e0\" \/>\n<meta property=\"article:publisher\" content=\"https:\/\/www.facebook.com\/ponttibetacanillo\" \/>\n<meta property=\"article:modified_time\" content=\"2026-03-17T09:31:32+00:00\" \/>\n<meta name=\"twitter:card\" content=\"summary_large_image\" \/>\n<meta name=\"twitter:site\" content=\"@pontcanillo\" \/>\n<meta name=\"twitter:label1\" content=\"Tiempo de lectura\" \/>\n\t<meta name=\"twitter:data1\" content=\"6 minutos\" \/>\n<script type=\"application\/ld+json\" class=\"yoast-schema-graph\">{\"@context\":\"https:\/\/schema.org\",\"@graph\":[{\"@type\":\"WebPage\",\"@id\":\"https:\/\/www.ponttibetacanillo.com\/es\/aviso-legal\/\",\"url\":\"https:\/\/www.ponttibetacanillo.com\/es\/aviso-legal\/\",\"name\":\"AVISO LEGAL - Pont Tibet\u00e0\",\"isPartOf\":{\"@id\":\"https:\/\/www.ponttibetacanillo.com\/es\/#website\"},\"datePublished\":\"2022-05-16T15:07:23+00:00\",\"dateModified\":\"2026-03-17T09:31:32+00:00\",\"breadcrumb\":{\"@id\":\"https:\/\/www.ponttibetacanillo.com\/es\/aviso-legal\/#breadcrumb\"},\"inLanguage\":\"es\",\"potentialAction\":[{\"@type\":\"ReadAction\",\"target\":[\"https:\/\/www.ponttibetacanillo.com\/es\/aviso-legal\/\"]}]},{\"@type\":\"BreadcrumbList\",\"@id\":\"https:\/\/www.ponttibetacanillo.com\/es\/aviso-legal\/#breadcrumb\",\"itemListElement\":[{\"@type\":\"ListItem\",\"position\":1,\"name\":\"Home\",\"item\":\"https:\/\/www.ponttibetacanillo.com\/es\/\"},{\"@type\":\"ListItem\",\"position\":2,\"name\":\"AVISO LEGAL\"}]},{\"@type\":\"WebSite\",\"@id\":\"https:\/\/www.ponttibetacanillo.com\/es\/#website\",\"url\":\"https:\/\/www.ponttibetacanillo.com\/es\/\",\"name\":\"Pont Tibet\u00e0\",\"description\":\"\",\"publisher\":{\"@id\":\"https:\/\/www.ponttibetacanillo.com\/es\/#organization\"},\"potentialAction\":[{\"@type\":\"SearchAction\",\"target\":{\"@type\":\"EntryPoint\",\"urlTemplate\":\"https:\/\/www.ponttibetacanillo.com\/es\/?s={search_term_string}\"},\"query-input\":\"required name=search_term_string\"}],\"inLanguage\":\"es\"},{\"@type\":\"Organization\",\"@id\":\"https:\/\/www.ponttibetacanillo.com\/es\/#organization\",\"name\":\"Pont Tibet\u00e0 Canillo - Roc del Quer\",\"url\":\"https:\/\/www.ponttibetacanillo.com\/es\/\",\"logo\":{\"@type\":\"ImageObject\",\"inLanguage\":\"es\",\"@id\":\"https:\/\/www.ponttibetacanillo.com\/es\/#\/schema\/logo\/image\/\",\"url\":\"https:\/\/www.ponttibetacanillo.com\/wp-content\/uploads\/2022\/06\/cropped-Logotip_PTVR-2048x1408-1.png\",\"contentUrl\":\"https:\/\/www.ponttibetacanillo.com\/wp-content\/uploads\/2022\/06\/cropped-Logotip_PTVR-2048x1408-1.png\",\"width\":2048,\"height\":1408,\"caption\":\"Pont Tibet\u00e0 Canillo - Roc del Quer\"},\"image\":{\"@id\":\"https:\/\/www.ponttibetacanillo.com\/es\/#\/schema\/logo\/image\/\"},\"sameAs\":[\"https:\/\/www.facebook.com\/ponttibetacanillo\",\"https:\/\/twitter.com\/pontcanillo\",\"https:\/\/www.instagram.com\/ponttibetacanillo\/\"]}]}<\/script>\n<!-- \/ Yoast SEO plugin. -->","yoast_head_json":{"title":"AVISO LEGAL - Pont Tibet\u00e0","robots":{"index":"index","follow":"follow","max-snippet":"max-snippet:-1","max-image-preview":"max-image-preview:large","max-video-preview":"max-video-preview:-1"},"canonical":"https:\/\/www.ponttibetacanillo.com\/es\/aviso-legal\/","og_locale":"es_ES","og_type":"article","og_title":"AVISO LEGAL - Pont Tibet\u00e0","og_description":"AVISO LEGAL Este aviso legal recoge las condiciones generales que regulan el acceso y uso del portal www.ponttibetacanillo.com, en adelante \u00abel Portal\u00bb, del que es titular y propietario el Palau de Gel d&#8217;Andorra. El acceso al Portal es gratuito y su visualizaci\u00f3n no requiere registro ni suscripci\u00f3n previos. A trav\u00e9s del Portal se facilita informaci\u00f3n [&hellip;]","og_url":"https:\/\/www.ponttibetacanillo.com\/es\/aviso-legal\/","og_site_name":"Pont Tibet\u00e0","article_publisher":"https:\/\/www.facebook.com\/ponttibetacanillo","article_modified_time":"2026-03-17T09:31:32+00:00","twitter_card":"summary_large_image","twitter_site":"@pontcanillo","twitter_misc":{"Tiempo de lectura":"6 minutos"},"schema":{"@context":"https:\/\/schema.org","@graph":[{"@type":"WebPage","@id":"https:\/\/www.ponttibetacanillo.com\/es\/aviso-legal\/","url":"https:\/\/www.ponttibetacanillo.com\/es\/aviso-legal\/","name":"AVISO LEGAL - Pont Tibet\u00e0","isPartOf":{"@id":"https:\/\/www.ponttibetacanillo.com\/es\/#website"},"datePublished":"2022-05-16T15:07:23+00:00","dateModified":"2026-03-17T09:31:32+00:00","breadcrumb":{"@id":"https:\/\/www.ponttibetacanillo.com\/es\/aviso-legal\/#breadcrumb"},"inLanguage":"es","potentialAction":[{"@type":"ReadAction","target":["https:\/\/www.ponttibetacanillo.com\/es\/aviso-legal\/"]}]},{"@type":"BreadcrumbList","@id":"https:\/\/www.ponttibetacanillo.com\/es\/aviso-legal\/#breadcrumb","itemListElement":[{"@type":"ListItem","position":1,"name":"Home","item":"https:\/\/www.ponttibetacanillo.com\/es\/"},{"@type":"ListItem","position":2,"name":"AVISO LEGAL"}]},{"@type":"WebSite","@id":"https:\/\/www.ponttibetacanillo.com\/es\/#website","url":"https:\/\/www.ponttibetacanillo.com\/es\/","name":"Pont Tibet\u00e0","description":"","publisher":{"@id":"https:\/\/www.ponttibetacanillo.com\/es\/#organization"},"potentialAction":[{"@type":"SearchAction","target":{"@type":"EntryPoint","urlTemplate":"https:\/\/www.ponttibetacanillo.com\/es\/?s={search_term_string}"},"query-input":"required name=search_term_string"}],"inLanguage":"es"},{"@type":"Organization","@id":"https:\/\/www.ponttibetacanillo.com\/es\/#organization","name":"Pont Tibet\u00e0 Canillo - Roc del Quer","url":"https:\/\/www.ponttibetacanillo.com\/es\/","logo":{"@type":"ImageObject","inLanguage":"es","@id":"https:\/\/www.ponttibetacanillo.com\/es\/#\/schema\/logo\/image\/","url":"https:\/\/www.ponttibetacanillo.com\/wp-content\/uploads\/2022\/06\/cropped-Logotip_PTVR-2048x1408-1.png","contentUrl":"https:\/\/www.ponttibetacanillo.com\/wp-content\/uploads\/2022\/06\/cropped-Logotip_PTVR-2048x1408-1.png","width":2048,"height":1408,"caption":"Pont Tibet\u00e0 Canillo - Roc del Quer"},"image":{"@id":"https:\/\/www.ponttibetacanillo.com\/es\/#\/schema\/logo\/image\/"},"sameAs":["https:\/\/www.facebook.com\/ponttibetacanillo","https:\/\/twitter.com\/pontcanillo","https:\/\/www.instagram.com\/ponttibetacanillo\/"]}]}},"_links":{"self":[{"href":"https:\/\/www.ponttibetacanillo.com\/es\/wp-json\/wp\/v2\/pages\/17843"}],"collection":[{"href":"https:\/\/www.ponttibetacanillo.com\/es\/wp-json\/wp\/v2\/pages"}],"about":[{"href":"https:\/\/www.ponttibetacanillo.com\/es\/wp-json\/wp\/v2\/types\/page"}],"author":[{"embeddable":true,"href":"https:\/\/www.ponttibetacanillo.com\/es\/wp-json\/wp\/v2\/users\/1"}],"replies":[{"embeddable":true,"href":"https:\/\/www.ponttibetacanillo.com\/es\/wp-json\/wp\/v2\/comments?post=17843"}],"version-history":[{"count":7,"href":"https:\/\/www.ponttibetacanillo.com\/es\/wp-json\/wp\/v2\/pages\/17843\/revisions"}],"predecessor-version":[{"id":20626,"href":"https:\/\/www.ponttibetacanillo.com\/es\/wp-json\/wp\/v2\/pages\/17843\/revisions\/20626"}],"wp:attachment":[{"href":"https:\/\/www.ponttibetacanillo.com\/es\/wp-json\/wp\/v2\/media?parent=17843"}],"curies":[{"name":"wp","href":"https:\/\/api.w.org\/{rel}","templated":true}]}}